{"id":841,"date":"2023-03-15T15:24:57","date_gmt":"2023-03-15T19:24:57","guid":{"rendered":"http:\/\/ditcatechnology.com\/?page_id=841"},"modified":"2023-03-15T17:00:25","modified_gmt":"2023-03-15T21:00:25","slug":"informacion-tecnica","status":"publish","type":"page","link":"https:\/\/ditcatechnology.com\/index.php\/informacion-tecnica\/","title":{"rendered":"Informaci\u00f3n T\u00e9cnica"},"content":{"rendered":"\t\t<div data-elementor-type=\"wp-page\" data-elementor-id=\"841\" class=\"elementor elementor-841\">\n\t\t\t\t\t\t<section class=\"elementor-section elementor-top-section elementor-element elementor-element-358cf4a elementor-section-boxed elementor-section-height-default elementor-section-height-default\" data-id=\"358cf4a\" data-element_type=\"section\">\n\t\t\t\t\t\t<div class=\"elementor-container elementor-column-gap-default\">\n\t\t\t\t\t<div class=\"elementor-column elementor-col-25 elementor-top-column elementor-element elementor-element-fd29e93\" data-id=\"fd29e93\" data-element_type=\"column\">\n\t\t\t<div class=\"elementor-widget-wrap elementor-element-populated\">\n\t\t\t\t\t\t<div class=\"elementor-element elementor-element-4d8b68a content-align-cta-default elementor-widget elementor-widget-eael-cta-box\" data-id=\"4d8b68a\" data-element_type=\"widget\" data-widget_type=\"eael-cta-box.default\">\n\t\t\t\t<div class=\"elementor-widget-container\">\n\t\t\t\t\t<div class=\"eael-call-to-action cta-basic bg-lite cta-preset-1\">\n        <h6><b><img decoding=\"async\" class=\"wp-image-844 aligncenter\" src=\"http:\/\/ditcatechnology.com\/wp-content\/uploads\/2023\/03\/Planta-depuradora-300x159.png\" alt=\"\" width=\"264\" height=\"140\" srcset=\"https:\/\/ditcatechnology.com\/wp-content\/uploads\/2023\/03\/Planta-depuradora-300x159.png 300w, https:\/\/ditcatechnology.com\/wp-content\/uploads\/2023\/03\/Planta-depuradora-1024x542.png 1024w, https:\/\/ditcatechnology.com\/wp-content\/uploads\/2023\/03\/Planta-depuradora-768x406.png 768w, https:\/\/ditcatechnology.com\/wp-content\/uploads\/2023\/03\/Planta-depuradora.png 1187w\" sizes=\"(max-width: 264px) 100vw, 264px\" \/><\/b><\/h6><h6><b>INSTALACI\u00d3N DE BOMBAS QU\u00cdMICAS EN PLANTAS DEPURADORAS<\/b>.<\/h6><a href=\"http:\/\/ditcatechnology.com\/index.php\/instalacion-de-bombas-quimicas\/\" class=\"cta-button  \">Ver m\u00e1s<\/a>\t<\/div>\n\t\t\t\t\t\t<\/div>\n\t\t\t\t<\/div>\n\t\t\t\t\t<\/div>\n\t\t<\/div>\n\t\t\t\t<div class=\"elementor-column elementor-col-25 elementor-top-column elementor-element elementor-element-7bb33ec\" data-id=\"7bb33ec\" data-element_type=\"column\">\n\t\t\t<div class=\"elementor-widget-wrap elementor-element-populated\">\n\t\t\t\t\t\t<div class=\"elementor-element elementor-element-5c244ab content-align-cta-default elementor-widget elementor-widget-eael-cta-box\" data-id=\"5c244ab\" data-element_type=\"widget\" data-widget_type=\"eael-cta-box.default\">\n\t\t\t\t<div class=\"elementor-widget-container\">\n\t\t\t\t\t<div class=\"eael-call-to-action cta-basic bg-lite cta-preset-1\">\n        <h6><b><img fetchpriority=\"high\" decoding=\"async\" class=\"alignnone size-medium wp-image-847\" src=\"http:\/\/ditcatechnology.com\/wp-content\/uploads\/2023\/03\/Como-elegir-una-bomba-300x234.jpg\" alt=\"\" width=\"300\" height=\"234\" srcset=\"https:\/\/ditcatechnology.com\/wp-content\/uploads\/2023\/03\/Como-elegir-una-bomba-300x234.jpg 300w, https:\/\/ditcatechnology.com\/wp-content\/uploads\/2023\/03\/Como-elegir-una-bomba.jpg 415w\" sizes=\"(max-width: 300px) 100vw, 300px\" \/><\/b><\/h6><h5 class=\"post-title entry-title text-uppercase\">C\u00d3MO SELECCIONAR F\u00c1CILMENTE UNA BOMBA PARA \u00c1CIDO<\/h5><a href=\"http:\/\/ditcatechnology.com\/index.php\/como-seleccionar-facilmente-una-bomba-para-acido\/\" class=\"cta-button  \">Ver m\u00e1s<\/a>\t<\/div>\n\t\t\t\t\t\t<\/div>\n\t\t\t\t<\/div>\n\t\t\t\t\t<\/div>\n\t\t<\/div>\n\t\t\t\t<div class=\"elementor-column elementor-col-25 elementor-top-column elementor-element elementor-element-0845138\" data-id=\"0845138\" data-element_type=\"column\">\n\t\t\t<div class=\"elementor-widget-wrap elementor-element-populated\">\n\t\t\t\t\t\t<div class=\"elementor-element elementor-element-19e90b7 content-align-cta-default elementor-widget elementor-widget-eael-cta-box\" data-id=\"19e90b7\" data-element_type=\"widget\" data-widget_type=\"eael-cta-box.default\">\n\t\t\t\t<div class=\"elementor-widget-container\">\n\t\t\t\t\t<div class=\"eael-call-to-action cta-basic bg-lite cta-preset-1\">\n        <h6><b><img decoding=\"async\" class=\"alignnone size-medium wp-image-848\" src=\"http:\/\/ditcatechnology.com\/wp-content\/uploads\/2023\/03\/Bombas-atex-300x84.jpg\" alt=\"\" width=\"300\" height=\"84\" srcset=\"https:\/\/ditcatechnology.com\/wp-content\/uploads\/2023\/03\/Bombas-atex-300x84.jpg 300w, https:\/\/ditcatechnology.com\/wp-content\/uploads\/2023\/03\/Bombas-atex-768x214.jpg 768w, https:\/\/ditcatechnology.com\/wp-content\/uploads\/2023\/03\/Bombas-atex.jpg 792w\" sizes=\"(max-width: 300px) 100vw, 300px\" \/><\/b><\/h6><h5 class=\"post-title entry-title text-uppercase\">CINCO COSAS QUE DEBES SABER SOBRE LAS BOMBAS ATEX<\/h5><a href=\"http:\/\/ditcatechnology.com\/index.php\/cinco-cosas-que-debes-saber-sobre-las-bombas-atex\/\" class=\"cta-button  \">Ver m\u00e1s<\/a>\t<\/div>\n\t\t\t\t\t\t<\/div>\n\t\t\t\t<\/div>\n\t\t\t\t\t<\/div>\n\t\t<\/div>\n\t\t\t\t<div class=\"elementor-column elementor-col-25 elementor-top-column elementor-element elementor-element-6f74c7d\" data-id=\"6f74c7d\" data-element_type=\"column\">\n\t\t\t<div class=\"elementor-widget-wrap elementor-element-populated\">\n\t\t\t\t\t\t<div class=\"elementor-element elementor-element-8786c9f content-align-cta-default elementor-widget elementor-widget-eael-cta-box\" data-id=\"8786c9f\" data-element_type=\"widget\" data-widget_type=\"eael-cta-box.default\">\n\t\t\t\t<div class=\"elementor-widget-container\">\n\t\t\t\t\t<div class=\"eael-call-to-action cta-basic bg-lite cta-preset-1\">\n        <h6><b><img loading=\"lazy\" decoding=\"async\" class=\"alignnone size-medium wp-image-852\" src=\"http:\/\/ditcatechnology.com\/wp-content\/uploads\/2023\/03\/Bomba-de-Diafragma-286x300.jpg\" alt=\"\" width=\"286\" height=\"300\" srcset=\"https:\/\/ditcatechnology.com\/wp-content\/uploads\/2023\/03\/Bomba-de-Diafragma-286x300.jpg 286w, https:\/\/ditcatechnology.com\/wp-content\/uploads\/2023\/03\/Bomba-de-Diafragma.jpg 396w\" sizes=\"(max-width: 286px) 100vw, 286px\" \/><\/b><\/h6><h5 class=\"post-title entry-title text-uppercase\">BOMBAS AODD: 4 RAZONES PARA ELEGIR LAS BOMBAS DE DIAFRAGMA<\/h5><a href=\"http:\/\/ditcatechnology.com\/index.php\/bombas-aodd-4-razones-para-elegir-las-bombas-de-diafragma\/\" class=\"cta-button  \">Ver m\u00e1s<\/a>\t<\/div>\n\t\t\t\t\t\t<\/div>\n\t\t\t\t<\/div>\n\t\t\t\t\t<\/div>\n\t\t<\/div>\n\t\t\t\t\t<\/div>\n\t\t<\/section>\n\t\t\t\t<\/div>\n\t\t","protected":false},"excerpt":{"rendered":"<p>INSTALACI\u00d3N DE BOMBAS QU\u00cdMICAS EN PLANTAS DEPURADORAS. Ver m\u00e1s C\u00d3MO SELECCIONAR F\u00c1CILMENTE UNA BOMBA PARA \u00c1CIDO Ver m\u00e1s CINCO COSAS QUE DEBES SABER SOBRE LAS BOMBAS ATEX Ver m\u00e1s BOMBAS AODD: 4 RAZONES PARA ELEGIR LAS BOMBAS DE DIAFRAGMA Ver m\u00e1s<\/p>\n","protected":false},"author":1,"featured_media":0,"parent":0,"menu_order":0,"comment_status":"closed","ping_status":"closed","template":"","meta":{"site-sidebar-layout":"no-sidebar","site-content-layout":"page-builder","ast-site-content-layout":"","site-content-style":"default","site-sidebar-style":"default","ast-global-header-display":"","ast-banner-title-visibility":"","ast-main-header-display":"","ast-hfb-above-header-display":"","ast-hfb-below-header-display":"","ast-hfb-mobile-header-display":"","site-post-title":"disabled","ast-breadcrumbs-content":"","ast-featured-img":"disabled","footer-sml-layout":"","theme-transparent-header-meta":"","adv-header-id-meta":"","stick-header-meta":"","header-above-stick-meta":"","header-main-stick-meta":"","header-below-stick-meta":"","astra-migrate-meta-layouts":"default","ast-page-background-enabled":"default","ast-page-background-meta":{"desktop":{"background-color":"var(--ast-global-color-4)","background-image":"","background-repeat":"repeat","background-position":"center center","background-size":"auto","background-attachment":"scroll","background-type":"","background-media":"","overlay-type":"","overlay-color":"","overlay-gradient":""},"tablet":{"background-color":"","background-image":"","background-repeat":"repeat","background-position":"center center","background-size":"auto","background-attachment":"scroll","background-type":"","background-media":"","overlay-type":"","overlay-color":"","overlay-gradient":""},"mobile":{"background-color":"","background-image":"","background-repeat":"repeat","background-position":"center center","background-size":"auto","background-attachment":"scroll","background-type":"","background-media":"","overlay-type":"","overlay-color":"","overlay-gradient":""}},"ast-content-background-meta":{"desktop":{"background-color":"var(--ast-global-color-5)","background-image":"","background-repeat":"repeat","background-position":"center center","background-size":"auto","background-attachment":"scroll","background-type":"","background-media":"","overlay-type":"","overlay-color":"","overlay-gradient":""},"tablet":{"background-color":"var(--ast-global-color-5)","background-image":"","background-repeat":"repeat","background-position":"center center","background-size":"auto","background-attachment":"scroll","background-type":"","background-media":"","overlay-type":"","overlay-color":"","overlay-gradient":""},"mobile":{"background-color":"var(--ast-global-color-5)","background-image":"","background-repeat":"repeat","background-position":"center center","background-size":"auto","background-attachment":"scroll","background-type":"","background-media":"","overlay-type":"","overlay-color":"","overlay-gradient":""}},"footnotes":""},"class_list":["post-841","page","type-page","status-publish","hentry"],"_links":{"self":[{"href":"https:\/\/ditcatechnology.com\/index.php\/wp-json\/wp\/v2\/pages\/841","targetHints":{"allow":["GET"]}}],"collection":[{"href":"https:\/\/ditcatechnology.com\/index.php\/wp-json\/wp\/v2\/pages"}],"about":[{"href":"https:\/\/ditcatechnology.com\/index.php\/wp-json\/wp\/v2\/types\/page"}],"author":[{"embeddable":true,"href":"https:\/\/ditcatechnology.com\/index.php\/wp-json\/wp\/v2\/users\/1"}],"replies":[{"embeddable":true,"href":"https:\/\/ditcatechnology.com\/index.php\/wp-json\/wp\/v2\/comments?post=841"}],"version-history":[{"count":23,"href":"https:\/\/ditcatechnology.com\/index.php\/wp-json\/wp\/v2\/pages\/841\/revisions"}],"predecessor-version":[{"id":882,"href":"https:\/\/ditcatechnology.com\/index.php\/wp-json\/wp\/v2\/pages\/841\/revisions\/882"}],"wp:attachment":[{"href":"https:\/\/ditcatechnology.com\/index.php\/wp-json\/wp\/v2\/media?parent=841"}],"curies":[{"name":"wp","href":"https:\/\/api.w.org\/{rel}","templated":true}]}}