{"id":1455,"date":"2024-01-31T11:04:36","date_gmt":"2024-01-31T15:04:36","guid":{"rendered":"http:\/\/ditcatechnology.com\/?page_id=1455"},"modified":"2024-02-01T14:42:29","modified_gmt":"2024-02-01T18:42:29","slug":"control-bop","status":"publish","type":"page","link":"https:\/\/ditcatechnology.com\/index.php\/control-bop\/","title":{"rendered":"Control BOP"},"content":{"rendered":"\t\t<div data-elementor-type=\"wp-page\" data-elementor-id=\"1455\" class=\"elementor elementor-1455\">\n\t\t\t\t\t\t<section class=\"elementor-section elementor-top-section elementor-element elementor-element-599caab elementor-section-content-middle elementor-section-boxed elementor-section-height-default elementor-section-height-default\" data-id=\"599caab\" data-element_type=\"section\">\n\t\t\t\t\t\t<div class=\"elementor-container elementor-column-gap-wider\">\n\t\t\t\t\t<div class=\"elementor-column elementor-col-50 elementor-top-column elementor-element elementor-element-8da5a64\" data-id=\"8da5a64\" data-element_type=\"column\">\n\t\t\t<div class=\"elementor-widget-wrap elementor-element-populated\">\n\t\t\t\t\t\t<div class=\"elementor-element elementor-element-ca23514 elementor-widget elementor-widget-image\" data-id=\"ca23514\" data-element_type=\"widget\" data-widget_type=\"image.default\">\n\t\t\t\t<div class=\"elementor-widget-container\">\n\t\t\t<style>\/*! elementor - v3.19.0 - 07-02-2024 *\/\n.elementor-widget-image{text-align:center}.elementor-widget-image a{display:inline-block}.elementor-widget-image a img[src$=\".svg\"]{width:48px}.elementor-widget-image img{vertical-align:middle;display:inline-block}<\/style>\t\t\t\t\t\t\t\t\t\t<img fetchpriority=\"high\" decoding=\"async\" width=\"285\" height=\"310\" src=\"https:\/\/ditcatechnology.com\/wp-content\/uploads\/2024\/02\/Valvula-BOP.jpg\" class=\"attachment-large size-large wp-image-1469\" alt=\"\" srcset=\"https:\/\/ditcatechnology.com\/wp-content\/uploads\/2024\/02\/Valvula-BOP.jpg 285w, https:\/\/ditcatechnology.com\/wp-content\/uploads\/2024\/02\/Valvula-BOP-276x300.jpg 276w\" sizes=\"(max-width: 285px) 100vw, 285px\" \/>\t\t\t\t\t\t\t\t\t\t\t\t\t<\/div>\n\t\t\t\t<\/div>\n\t\t\t\t\t<\/div>\n\t\t<\/div>\n\t\t\t\t<div class=\"elementor-column elementor-col-50 elementor-top-column elementor-element elementor-element-669c611\" data-id=\"669c611\" data-element_type=\"column\">\n\t\t\t<div class=\"elementor-widget-wrap elementor-element-populated\">\n\t\t\t\t\t\t<section class=\"elementor-section elementor-inner-section elementor-element elementor-element-ac79975 elementor-section-boxed elementor-section-height-default elementor-section-height-default\" data-id=\"ac79975\" data-element_type=\"section\">\n\t\t\t\t\t\t<div class=\"elementor-container elementor-column-gap-default\">\n\t\t\t\t\t<div class=\"elementor-column elementor-col-100 elementor-inner-column elementor-element elementor-element-3c7423e\" data-id=\"3c7423e\" data-element_type=\"column\">\n\t\t\t<div class=\"elementor-widget-wrap elementor-element-populated\">\n\t\t\t\t\t\t<div class=\"elementor-element elementor-element-92a9200 elementor-widget__width-initial elementor-widget elementor-widget-heading\" data-id=\"92a9200\" data-element_type=\"widget\" data-widget_type=\"heading.default\">\n\t\t\t\t<div class=\"elementor-widget-container\">\n\t\t\t<style>\/*! elementor - v3.19.0 - 07-02-2024 *\/\n.elementor-heading-title{padding:0;margin:0;line-height:1}.elementor-widget-heading .elementor-heading-title[class*=elementor-size-]>a{color:inherit;font-size:inherit;line-height:inherit}.elementor-widget-heading .elementor-heading-title.elementor-size-small{font-size:15px}.elementor-widget-heading .elementor-heading-title.elementor-size-medium{font-size:19px}.elementor-widget-heading .elementor-heading-title.elementor-size-large{font-size:29px}.elementor-widget-heading .elementor-heading-title.elementor-size-xl{font-size:39px}.elementor-widget-heading .elementor-heading-title.elementor-size-xxl{font-size:59px}<\/style><h2 class=\"elementor-heading-title elementor-size-default\">Valvulas BOP<\/h2>\t\t<\/div>\n\t\t\t\t<\/div>\n\t\t\t\t\t<\/div>\n\t\t<\/div>\n\t\t\t\t\t<\/div>\n\t\t<\/section>\n\t\t\t\t<div class=\"elementor-element elementor-element-9684eaf elementor-widget__width-initial elementor-widget elementor-widget-text-editor\" data-id=\"9684eaf\" data-element_type=\"widget\" data-widget_type=\"text-editor.default\">\n\t\t\t\t<div class=\"elementor-widget-container\">\n\t\t\t<style>\/*! elementor - v3.19.0 - 07-02-2024 *\/\n.elementor-widget-text-editor.elementor-drop-cap-view-stacked .elementor-drop-cap{background-color:#69727d;color:#fff}.elementor-widget-text-editor.elementor-drop-cap-view-framed .elementor-drop-cap{color:#69727d;border:3px solid;background-color:transparent}.elementor-widget-text-editor:not(.elementor-drop-cap-view-default) .elementor-drop-cap{margin-top:8px}.elementor-widget-text-editor:not(.elementor-drop-cap-view-default) .elementor-drop-cap-letter{width:1em;height:1em}.elementor-widget-text-editor .elementor-drop-cap{float:left;text-align:center;line-height:1;font-size:50px}.elementor-widget-text-editor .elementor-drop-cap-letter{display:inline-block}<\/style>\t\t\t\t<p class=\"\"><strong>Soluciones llave en mano:<\/strong> Disponemos de un equipo de ingenieros con experiencia en el dise\u00f1o, fabricaci\u00f3n y puesta en marcha de sistemas completos de control BOP y BOP.<\/p><p class=\"\"><strong>Capacidades de fabricaci\u00f3n superiores:<\/strong> El refinado de cuchara proporciona un control estricto tanto de la composici\u00f3n qu\u00edmica como de las propiedades mec\u00e1nicas, reduce las impurezas y el contenido de gas. Los procesos avanzados de tratamiento t\u00e9rmico cumplen con los estrictos requisitos de rendimiento de los componentes met\u00e1licos de BOP. Los procesos avanzados de fabricaci\u00f3n de elast\u00f3meros crean componentes de sellado de alta calidad.<\/p><p class=\"\"><strong>Amplia gama de oferta de productos:<\/strong> Contamos las capacidades y experiencias en el dise\u00f1o de una amplia gama de sistemas BOP con una variedad de tama\u00f1os de orificios para diferentes aplicaciones, perforaci\u00f3n y producci\u00f3n, en tierra y en alta mar.<\/p>\t\t\t\t\t\t<\/div>\n\t\t\t\t<\/div>\n\t\t\t\t\t<\/div>\n\t\t<\/div>\n\t\t\t\t\t<\/div>\n\t\t<\/section>\n\t\t\t\t<section class=\"elementor-section elementor-top-section elementor-element elementor-element-77e0110 elementor-section-content-middle elementor-section-boxed elementor-section-height-default elementor-section-height-default\" data-id=\"77e0110\" data-element_type=\"section\">\n\t\t\t\t\t\t<div class=\"elementor-container elementor-column-gap-wider\">\n\t\t\t\t\t<div class=\"elementor-column elementor-col-100 elementor-top-column elementor-element elementor-element-ba94274\" data-id=\"ba94274\" data-element_type=\"column\">\n\t\t\t<div class=\"elementor-widget-wrap elementor-element-populated\">\n\t\t\t\t\t\t<section class=\"elementor-section elementor-inner-section elementor-element elementor-element-544e5f4 elementor-section-content-middle elementor-section-boxed elementor-section-height-default elementor-section-height-default\" data-id=\"544e5f4\" data-element_type=\"section\">\n\t\t\t\t\t\t<div class=\"elementor-container elementor-column-gap-default\">\n\t\t\t\t\t<div class=\"elementor-column elementor-col-50 elementor-inner-column elementor-element elementor-element-e8340b4\" data-id=\"e8340b4\" data-element_type=\"column\">\n\t\t\t<div class=\"elementor-widget-wrap elementor-element-populated\">\n\t\t\t\t\t\t<div class=\"elementor-element elementor-element-ecc1103 elementor-widget elementor-widget-text-editor\" data-id=\"ecc1103\" data-element_type=\"widget\" data-widget_type=\"text-editor.default\">\n\t\t\t\t<div class=\"elementor-widget-container\">\n\t\t\t\t\t\t\t<p class=\"\">Nuestros Aliados dise\u00f1an y fabrican preventores de reventones (BOP) de producci\u00f3n y perforaci\u00f3n de acuerdo con la especificaci\u00f3n API 16A. Nuestros productos BOP son aplicables en una variedad de condiciones de operaci\u00f3n, incluidas bajas temperaturas, altas temperaturas y alto contenido de azufre. Los productos BOP de alta ingenier\u00eda son capaces de cumplir con los estrictos requisitos de control de pozos para perforaci\u00f3n, perforaci\u00f3n desequilibrada, pruebas de formaci\u00f3n y operaciones de producci\u00f3n.<\/p><p class=\"\">Los tama\u00f1os de orificio de nuestros productos BOP var\u00edan de 2 9\/16&#8243; a 30&#8243; con una clasificaci\u00f3n de presi\u00f3n de 500 PSI a 20,000 PSI. Los cuerpos de BOP est\u00e1n fundidos o forjados con un mecanismo de bloqueo manual o hidr\u00e1ulico.<\/p><p class=\"\">ULT tambi\u00e9n dise\u00f1a y fabrica componentes de sellado utilizados en nuestras BOP. Tenemos la capacidad de inspeccionar y probar sellos BOP que est\u00e1n dise\u00f1ados para funcionar en un amplio rango de temperaturas, as\u00ed como en ambientes corrosivos.<\/p>\t\t\t\t\t\t<\/div>\n\t\t\t\t<\/div>\n\t\t\t\t<div class=\"elementor-element elementor-element-e2793a1 elementor-align-center elementor-widget elementor-widget-button\" data-id=\"e2793a1\" data-element_type=\"widget\" data-widget_type=\"button.default\">\n\t\t\t\t<div class=\"elementor-widget-container\">\n\t\t\t\t\t<div class=\"elementor-button-wrapper\">\n\t\t\t<a class=\"elementor-button elementor-button-link elementor-size-xs\" href=\"https:\/\/ditcatechnology.com\/index.php\/contactenos\/\">\n\t\t\t\t\t\t<span class=\"elementor-button-content-wrapper\">\n\t\t\t\t\t\t<span class=\"elementor-button-text\">Cont\u00e1ctenos<\/span>\n\t\t<\/span>\n\t\t\t\t\t<\/a>\n\t\t<\/div>\n\t\t\t\t<\/div>\n\t\t\t\t<\/div>\n\t\t\t\t\t<\/div>\n\t\t<\/div>\n\t\t\t\t<div class=\"elementor-column elementor-col-50 elementor-inner-column elementor-element elementor-element-845f567\" data-id=\"845f567\" data-element_type=\"column\">\n\t\t\t<div class=\"elementor-widget-wrap elementor-element-populated\">\n\t\t\t\t\t\t<div class=\"elementor-element elementor-element-acd5f6c elementor-widget__width-initial elementor-widget elementor-widget-image\" data-id=\"acd5f6c\" data-element_type=\"widget\" data-widget_type=\"image.default\">\n\t\t\t\t<div class=\"elementor-widget-container\">\n\t\t\t\t\t\t\t\t\t\t\t\t\t<img decoding=\"async\" width=\"184\" height=\"274\" src=\"https:\/\/ditcatechnology.com\/wp-content\/uploads\/2024\/02\/Valvula-BOP-2.jpeg\" class=\"attachment-full size-full wp-image-1473\" alt=\"\" \/>\t\t\t\t\t\t\t\t\t\t\t\t\t<\/div>\n\t\t\t\t<\/div>\n\t\t\t\t\t<\/div>\n\t\t<\/div>\n\t\t\t\t\t<\/div>\n\t\t<\/section>\n\t\t\t\t\t<\/div>\n\t\t<\/div>\n\t\t\t\t\t<\/div>\n\t\t<\/section>\n\t\t\t\t<\/div>\n\t\t","protected":false},"excerpt":{"rendered":"<p>Valvulas BOP Soluciones llave en mano: Disponemos de un equipo de ingenieros con experiencia en el dise\u00f1o, fabricaci\u00f3n y puesta en marcha de sistemas completos de control BOP y BOP. Capacidades de fabricaci\u00f3n superiores: El refinado de cuchara proporciona un control estricto tanto de la composici\u00f3n qu\u00edmica como de las propiedades mec\u00e1nicas, reduce las impurezas [&hellip;]<\/p>\n","protected":false},"author":1,"featured_media":0,"parent":0,"menu_order":0,"comment_status":"closed","ping_status":"closed","template":"","meta":{"site-sidebar-layout":"no-sidebar","site-content-layout":"page-builder","ast-site-content-layout":"full-width-container","site-content-style":"unboxed","site-sidebar-style":"unboxed","ast-global-header-display":"","ast-banner-title-visibility":"","ast-main-header-display":"","ast-hfb-above-header-display":"","ast-hfb-below-header-display":"","ast-hfb-mobile-header-display":"","site-post-title":"disabled","ast-breadcrumbs-content":"","ast-featured-img":"disabled","footer-sml-layout":"","theme-transparent-header-meta":"","adv-header-id-meta":"","stick-header-meta":"","header-above-stick-meta":"","header-main-stick-meta":"","header-below-stick-meta":"","astra-migrate-meta-layouts":"set","ast-page-background-enabled":"default","ast-page-background-meta":{"desktop":{"background-color":"var(--ast-global-color-4)","background-image":"","background-repeat":"repeat","background-position":"center center","background-size":"auto","background-attachment":"scroll","background-type":"","background-media":"","overlay-type":"","overlay-color":"","overlay-gradient":""},"tablet":{"background-color":"","background-image":"","background-repeat":"repeat","background-position":"center center","background-size":"auto","background-attachment":"scroll","background-type":"","background-media":"","overlay-type":"","overlay-color":"","overlay-gradient":""},"mobile":{"background-color":"","background-image":"","background-repeat":"repeat","background-position":"center center","background-size":"auto","background-attachment":"scroll","background-type":"","background-media":"","overlay-type":"","overlay-color":"","overlay-gradient":""}},"ast-content-background-meta":{"desktop":{"background-color":"var(--ast-global-color-5)","background-image":"","background-repeat":"repeat","background-position":"center center","background-size":"auto","background-attachment":"scroll","background-type":"","background-media":"","overlay-type":"","overlay-color":"","overlay-gradient":""},"tablet":{"background-color":"var(--ast-global-color-5)","background-image":"","background-repeat":"repeat","background-position":"center center","background-size":"auto","background-attachment":"scroll","background-type":"","background-media":"","overlay-type":"","overlay-color":"","overlay-gradient":""},"mobile":{"background-color":"var(--ast-global-color-5)","background-image":"","background-repeat":"repeat","background-position":"center center","background-size":"auto","background-attachment":"scroll","background-type":"","background-media":"","overlay-type":"","overlay-color":"","overlay-gradient":""}},"footnotes":""},"class_list":["post-1455","page","type-page","status-publish","hentry"],"_links":{"self":[{"href":"https:\/\/ditcatechnology.com\/index.php\/wp-json\/wp\/v2\/pages\/1455","targetHints":{"allow":["GET"]}}],"collection":[{"href":"https:\/\/ditcatechnology.com\/index.php\/wp-json\/wp\/v2\/pages"}],"about":[{"href":"https:\/\/ditcatechnology.com\/index.php\/wp-json\/wp\/v2\/types\/page"}],"author":[{"embeddable":true,"href":"https:\/\/ditcatechnology.com\/index.php\/wp-json\/wp\/v2\/users\/1"}],"replies":[{"embeddable":true,"href":"https:\/\/ditcatechnology.com\/index.php\/wp-json\/wp\/v2\/comments?post=1455"}],"version-history":[{"count":8,"href":"https:\/\/ditcatechnology.com\/index.php\/wp-json\/wp\/v2\/pages\/1455\/revisions"}],"predecessor-version":[{"id":1476,"href":"https:\/\/ditcatechnology.com\/index.php\/wp-json\/wp\/v2\/pages\/1455\/revisions\/1476"}],"wp:attachment":[{"href":"https:\/\/ditcatechnology.com\/index.php\/wp-json\/wp\/v2\/media?parent=1455"}],"curies":[{"name":"wp","href":"https:\/\/api.w.org\/{rel}","templated":true}]}}