{"id":1452,"date":"2024-01-31T10:28:39","date_gmt":"2024-01-31T14:28:39","guid":{"rendered":"http:\/\/ditcatechnology.com\/?page_id=1452"},"modified":"2024-01-31T14:02:36","modified_gmt":"2024-01-31T18:02:36","slug":"balancines-copy","status":"publish","type":"page","link":"https:\/\/ditcatechnology.com\/index.php\/balancines-copy\/","title":{"rendered":"Bombas Fondo de Pozo"},"content":{"rendered":"\t\t<div data-elementor-type=\"wp-page\" data-elementor-id=\"1452\" class=\"elementor elementor-1452\">\n\t\t\t\t\t\t<section class=\"elementor-section elementor-top-section elementor-element elementor-element-599caab elementor-section-content-middle elementor-section-boxed elementor-section-height-default elementor-section-height-default\" data-id=\"599caab\" data-element_type=\"section\">\n\t\t\t\t\t\t<div class=\"elementor-container elementor-column-gap-wider\">\n\t\t\t\t\t<div class=\"elementor-column elementor-col-50 elementor-top-column elementor-element elementor-element-8da5a64\" data-id=\"8da5a64\" data-element_type=\"column\">\n\t\t\t<div class=\"elementor-widget-wrap elementor-element-populated\">\n\t\t\t\t\t\t<div class=\"elementor-element elementor-element-3d1002a elementor-widget elementor-widget-image\" data-id=\"3d1002a\" data-element_type=\"widget\" data-widget_type=\"image.default\">\n\t\t\t\t<div class=\"elementor-widget-container\">\n\t\t\t<style>\/*! elementor - v3.19.0 - 07-02-2024 *\/\n.elementor-widget-image{text-align:center}.elementor-widget-image a{display:inline-block}.elementor-widget-image a img[src$=\".svg\"]{width:48px}.elementor-widget-image img{vertical-align:middle;display:inline-block}<\/style>\t\t\t\t\t\t\t\t\t\t<img fetchpriority=\"high\" decoding=\"async\" width=\"390\" height=\"390\" src=\"https:\/\/ditcatechnology.com\/wp-content\/uploads\/2024\/01\/Bombas-Fondo-de-Pozo.png\" class=\"attachment-large size-large wp-image-1459\" alt=\"\" srcset=\"https:\/\/ditcatechnology.com\/wp-content\/uploads\/2024\/01\/Bombas-Fondo-de-Pozo.png 390w, https:\/\/ditcatechnology.com\/wp-content\/uploads\/2024\/01\/Bombas-Fondo-de-Pozo-300x300.png 300w, https:\/\/ditcatechnology.com\/wp-content\/uploads\/2024\/01\/Bombas-Fondo-de-Pozo-150x150.png 150w\" sizes=\"(max-width: 390px) 100vw, 390px\" \/>\t\t\t\t\t\t\t\t\t\t\t\t\t<\/div>\n\t\t\t\t<\/div>\n\t\t\t\t\t<\/div>\n\t\t<\/div>\n\t\t\t\t<div class=\"elementor-column elementor-col-50 elementor-top-column elementor-element elementor-element-669c611\" data-id=\"669c611\" data-element_type=\"column\">\n\t\t\t<div class=\"elementor-widget-wrap elementor-element-populated\">\n\t\t\t\t\t\t<section class=\"elementor-section elementor-inner-section elementor-element elementor-element-ac79975 elementor-section-boxed elementor-section-height-default elementor-section-height-default\" data-id=\"ac79975\" data-element_type=\"section\">\n\t\t\t\t\t\t<div class=\"elementor-container elementor-column-gap-default\">\n\t\t\t\t\t<div class=\"elementor-column elementor-col-100 elementor-inner-column elementor-element elementor-element-3c7423e\" data-id=\"3c7423e\" data-element_type=\"column\">\n\t\t\t<div class=\"elementor-widget-wrap elementor-element-populated\">\n\t\t\t\t\t\t<div class=\"elementor-element elementor-element-92a9200 elementor-widget__width-initial elementor-widget elementor-widget-heading\" data-id=\"92a9200\" data-element_type=\"widget\" data-widget_type=\"heading.default\">\n\t\t\t\t<div class=\"elementor-widget-container\">\n\t\t\t<style>\/*! elementor - v3.19.0 - 07-02-2024 *\/\n.elementor-heading-title{padding:0;margin:0;line-height:1}.elementor-widget-heading .elementor-heading-title[class*=elementor-size-]>a{color:inherit;font-size:inherit;line-height:inherit}.elementor-widget-heading .elementor-heading-title.elementor-size-small{font-size:15px}.elementor-widget-heading .elementor-heading-title.elementor-size-medium{font-size:19px}.elementor-widget-heading .elementor-heading-title.elementor-size-large{font-size:29px}.elementor-widget-heading .elementor-heading-title.elementor-size-xl{font-size:39px}.elementor-widget-heading .elementor-heading-title.elementor-size-xxl{font-size:59px}<\/style><h2 class=\"elementor-heading-title elementor-size-default\"> BOMBA DE FONDO DE POZO<\/h2>\t\t<\/div>\n\t\t\t\t<\/div>\n\t\t\t\t\t<\/div>\n\t\t<\/div>\n\t\t\t\t\t<\/div>\n\t\t<\/section>\n\t\t\t\t<div class=\"elementor-element elementor-element-9684eaf elementor-widget__width-initial elementor-widget elementor-widget-text-editor\" data-id=\"9684eaf\" data-element_type=\"widget\" data-widget_type=\"text-editor.default\">\n\t\t\t\t<div class=\"elementor-widget-container\">\n\t\t\t<style>\/*! elementor - v3.19.0 - 07-02-2024 *\/\n.elementor-widget-text-editor.elementor-drop-cap-view-stacked .elementor-drop-cap{background-color:#69727d;color:#fff}.elementor-widget-text-editor.elementor-drop-cap-view-framed .elementor-drop-cap{color:#69727d;border:3px solid;background-color:transparent}.elementor-widget-text-editor:not(.elementor-drop-cap-view-default) .elementor-drop-cap{margin-top:8px}.elementor-widget-text-editor:not(.elementor-drop-cap-view-default) .elementor-drop-cap-letter{width:1em;height:1em}.elementor-widget-text-editor .elementor-drop-cap{float:left;text-align:center;line-height:1;font-size:50px}.elementor-widget-text-editor .elementor-drop-cap-letter{display:inline-block}<\/style>\t\t\t\t<p>La bomba de varilla de bombeo subsuperficial es un conjunto de piezas que operan entre s\u00ed para proporcionar un m\u00e9todo alternativo de desplazamiento positivo para eliminar el fluido del pozo al sistema de producci\u00f3n. Se considera <strong>\u00abEL CORAZ\u00d3N DEL SISTEMA DE BOMBEO DE VARILLA DE BOMBEO\u00bb<\/strong>. La funci\u00f3n principal de la bomba es disminuir la presi\u00f3n de flujo del fondo del pozo para permitir que el yacimiento produzca la tasa de producci\u00f3n deseada hasta el fondo del pozo, mientras tanto, aumenta la presi\u00f3n del fluido del pozo para permitirle <strong>\u00abfluir\u00bb<\/strong> a la superficie con la presi\u00f3n requerida en la cabeza del pozo. Se cumplen todas las dimensiones y los est\u00e1ndares de calidad API. Todos los \u00e9mbolos se pueden especificar en incrementos de tama\u00f1o de .001&#8243; (ajuste del \u00e9mbolo) por debajo del tama\u00f1o de la base.<\/p><p>Est\u00e1n disponibles en todas las gamas de longitudes y di\u00e1metros (de 1 1\/16&#8243; a 7 3\/4&#8243;).<\/p>\t\t\t\t\t\t<\/div>\n\t\t\t\t<\/div>\n\t\t\t\t\t<\/div>\n\t\t<\/div>\n\t\t\t\t\t<\/div>\n\t\t<\/section>\n\t\t\t\t<section class=\"elementor-section elementor-top-section elementor-element elementor-element-77e0110 elementor-section-content-middle elementor-section-boxed elementor-section-height-default elementor-section-height-default\" data-id=\"77e0110\" data-element_type=\"section\">\n\t\t\t\t\t\t<div class=\"elementor-container elementor-column-gap-wider\">\n\t\t\t\t\t<div class=\"elementor-column elementor-col-100 elementor-top-column elementor-element elementor-element-ba94274\" data-id=\"ba94274\" data-element_type=\"column\">\n\t\t\t<div class=\"elementor-widget-wrap elementor-element-populated\">\n\t\t\t\t\t\t<div class=\"elementor-element elementor-element-dd328a4 elementor-widget__width-initial elementor-widget elementor-widget-heading\" data-id=\"dd328a4\" data-element_type=\"widget\" data-widget_type=\"heading.default\">\n\t\t\t\t<div class=\"elementor-widget-container\">\n\t\t\t<h2 class=\"elementor-heading-title elementor-size-default\">CARACTER\u00cdSTICAS DE DISE\u00d1O<\/h2>\t\t<\/div>\n\t\t\t\t<\/div>\n\t\t\t\t<section class=\"elementor-section elementor-inner-section elementor-element elementor-element-544e5f4 elementor-section-content-middle elementor-section-boxed elementor-section-height-default elementor-section-height-default\" data-id=\"544e5f4\" data-element_type=\"section\">\n\t\t\t\t\t\t<div class=\"elementor-container elementor-column-gap-default\">\n\t\t\t\t\t<div class=\"elementor-column elementor-col-50 elementor-inner-column elementor-element elementor-element-e8340b4\" data-id=\"e8340b4\" data-element_type=\"column\">\n\t\t\t<div class=\"elementor-widget-wrap elementor-element-populated\">\n\t\t\t\t\t\t<div class=\"elementor-element elementor-element-ecc1103 elementor-widget elementor-widget-text-editor\" data-id=\"ecc1103\" data-element_type=\"widget\" data-widget_type=\"text-editor.default\">\n\t\t\t\t<div class=\"elementor-widget-container\">\n\t\t\t\t\t\t\t<h6><span style=\"color: #0000ff;\">Barriles<\/span><\/h6><p class=\"\">Los barriles est\u00e1ndar que ofrecemos se ajustan a las dimensiones API y superan los est\u00e1ndares de calidad API. Est\u00e1n disponibles en una variedad de longitudes y di\u00e1metros que van desde 1 1\/16&#8243; hasta 4.25&#8243; y una variedad de materiales para todas las condiciones de bombeo de varillas de bombeo.<\/p><p class=\"\"><strong>Barril carbonitrurado:<\/strong> Hecho de acero con bajo contenido de carbono que se carbonitrura en la superficie interior solo para aumentar el contenido de carbono. A continuaci\u00f3n, se endurece por inducci\u00f3n en la superficie interior para lograr una dureza superficial de HRC 58-66 con un espesor de carbonizaci\u00f3n de 0,75-1,13 mm por lado. Tambi\u00e9n est\u00e1 afilado y roscado con precisi\u00f3n. Este ca\u00f1\u00f3n se recomienda para abrasi\u00f3n moderada o severa en ambientes corrosivos leves a moderados. El l\u00edmite el\u00e1stico m\u00ednimo es de 75.000 psi.<\/p><p class=\"\"><strong>Barril de acero carbonitrurado resistente a la corrosi\u00f3n:<\/strong> Fabricado con un acero al cromo al 5% que ha demostrado su resistencia a la corrosi\u00f3n en yacimientos petrol\u00edferos. Se procesa de la misma manera que el barril carbonitrurado est\u00e1ndar y tiene las mismas propiedades con una dureza superficial interior de HRC 58-66 y un espesor de carbonizaci\u00f3n de 0,75-1,13 mm por lado. Tambi\u00e9n est\u00e1 afilado y roscado con precisi\u00f3n. Se recomienda para abrasi\u00f3n en aplicaciones corrosivas leves a moderadas. El l\u00edmite el\u00e1stico m\u00ednimo tambi\u00e9n es de 75.000 psi.<\/p><p class=\"\"><strong>Barril de lat\u00f3n:<\/strong> Fabricado en lat\u00f3n arsenical de almirantazgo con un l\u00edmite el\u00e1stico relativamente alto de 50.000 psi. Se recomienda para condiciones corrosivas en ausencia de abrasi\u00f3n.<\/p><p class=\"\">Hay dos recubrimientos de superficie comunes disponibles. Uno es el <strong>cromado,<\/strong> que generalmente se aplica al di\u00e1metro interior del ca\u00f1\u00f3n solo con un espesor de cromo de 0,076 mm y una dureza m\u00ednima de HRC66 -71; El otro es <strong>el revestimiento de carburo de n\u00edquel<\/strong> que se aplica a todas las superficies, incluidas las de di\u00e1metro interior, exterior y roscas, con un espesor de 0,038 mm por lado. Nuestros barriles de carburo de lat\u00f3n y n\u00edquel est\u00e1n chapados con un espesor de 0,038 mm por lado para una aplicaci\u00f3n extremadamente resistente a la corrosi\u00f3n.<\/p>\t\t\t\t\t\t<\/div>\n\t\t\t\t<\/div>\n\t\t\t\t\t<\/div>\n\t\t<\/div>\n\t\t\t\t<div class=\"elementor-column elementor-col-50 elementor-inner-column elementor-element elementor-element-845f567\" data-id=\"845f567\" data-element_type=\"column\">\n\t\t\t<div class=\"elementor-widget-wrap elementor-element-populated\">\n\t\t\t\t\t\t<div class=\"elementor-element elementor-element-d488ae3 elementor-widget elementor-widget-image\" data-id=\"d488ae3\" data-element_type=\"widget\" data-widget_type=\"image.default\">\n\t\t\t\t<div class=\"elementor-widget-container\">\n\t\t\t\t\t\t\t\t\t\t\t\t\t<img decoding=\"async\" width=\"390\" height=\"450\" src=\"https:\/\/ditcatechnology.com\/wp-content\/uploads\/2024\/01\/Barriles.png\" class=\"attachment-2048x2048 size-2048x2048 wp-image-1461\" alt=\"\" srcset=\"https:\/\/ditcatechnology.com\/wp-content\/uploads\/2024\/01\/Barriles.png 390w, https:\/\/ditcatechnology.com\/wp-content\/uploads\/2024\/01\/Barriles-260x300.png 260w\" sizes=\"(max-width: 390px) 100vw, 390px\" \/>\t\t\t\t\t\t\t\t\t\t\t\t\t<\/div>\n\t\t\t\t<\/div>\n\t\t\t\t\t<\/div>\n\t\t<\/div>\n\t\t\t\t\t<\/div>\n\t\t<\/section>\n\t\t\t\t\t<\/div>\n\t\t<\/div>\n\t\t\t\t\t<\/div>\n\t\t<\/section>\n\t\t\t\t<section class=\"elementor-section elementor-top-section elementor-element elementor-element-ef48676 elementor-section-content-middle elementor-section-boxed elementor-section-height-default elementor-section-height-default\" data-id=\"ef48676\" data-element_type=\"section\">\n\t\t\t\t\t\t<div class=\"elementor-container elementor-column-gap-wider\">\n\t\t\t\t\t<div class=\"elementor-column elementor-col-100 elementor-top-column elementor-element elementor-element-0646521\" data-id=\"0646521\" data-element_type=\"column\">\n\t\t\t<div class=\"elementor-widget-wrap elementor-element-populated\">\n\t\t\t\t\t\t<div class=\"elementor-element elementor-element-e5dada1 elementor-widget__width-initial elementor-widget elementor-widget-heading\" data-id=\"e5dada1\" data-element_type=\"widget\" data-widget_type=\"heading.default\">\n\t\t\t\t<div class=\"elementor-widget-container\">\n\t\t\t<h2 class=\"elementor-heading-title elementor-size-default\">BOMBAS ESPECIALES<\/h2>\t\t<\/div>\n\t\t\t\t<\/div>\n\t\t\t\t<section class=\"elementor-section elementor-inner-section elementor-element elementor-element-02f465c elementor-section-content-middle elementor-section-boxed elementor-section-height-default elementor-section-height-default\" data-id=\"02f465c\" data-element_type=\"section\">\n\t\t\t\t\t\t<div class=\"elementor-container elementor-column-gap-default\">\n\t\t\t\t\t<div class=\"elementor-column elementor-col-50 elementor-inner-column elementor-element elementor-element-e5add40\" data-id=\"e5add40\" data-element_type=\"column\">\n\t\t\t<div class=\"elementor-widget-wrap elementor-element-populated\">\n\t\t\t\t\t\t<div class=\"elementor-element elementor-element-fda8283 elementor-widget elementor-widget-text-editor\" data-id=\"fda8283\" data-element_type=\"widget\" data-widget_type=\"text-editor.default\">\n\t\t\t\t<div class=\"elementor-widget-container\">\n\t\t\t\t\t\t\t<p class=\"\"><strong>Bomba de tubo sobredimensionada:<\/strong> Es m\u00e1s grande en tama\u00f1o que la tuber\u00eda, por lo que es capaz de producir mayores cantidades de fluido que la bomba de inserci\u00f3n normal y la bomba de tuber\u00eda. La gran \u00e1rea de flujo de fluido a trav\u00e9s de la v\u00e1lvula de pie y la v\u00e1lvula de desplazamiento hace que esta bomba sea una excelente opci\u00f3n para manejar fluidos viscosos. Debido al dise\u00f1o totalmente de acero, el THOS se puede utilizar en campos de inundaci\u00f3n de vapor. La temperatura no tiene ning\u00fan impacto en este tipo de bomba.<\/p><p class=\"\"><strong>Bomba el\u00e9ctrica de calentamiento para petr\u00f3leo pesado:<\/strong> El cable el\u00e9ctrico baja a trav\u00e9s de la varilla de bombeo hueca y el orificio central de la bomba para calentar el petr\u00f3leo crudo de alta viscosidad y reducir la viscosidad. La v\u00e1lvula de desplazamiento utiliza un mecanismo de encendido y apagado forzado para evitar el bloqueo de gas. Los orificios de bomba disponibles son de 2 1\/4&#8243; y 2 3\/4&#8243;.<\/p><p class=\"\"><strong>Bomba de pozo desviado:<\/strong> El \u00e9mbolo est\u00e1 dise\u00f1ado para girar y evitar la abrasi\u00f3n por inclinaci\u00f3n. La v\u00e1lvula de desplazamiento utiliza un mecanismo de encendido y apagado forzado para mejorar la eficiencia. Esta bomba es adecuada para pozos cuya desviaci\u00f3n es inferior a 60\u00b0. El orificio de la bomba disponible: 1 1\/2&#8243;, 1 3\/4&#8243;, 2 1\/4&#8243; y 2 3\/4&#8243;.<\/p><p class=\"\"><strong>Bomba de control de arena:<\/strong> Hay dos configuraciones de bomba diferentes disponibles. Bomba de control de arena de sedimentaci\u00f3n cuya parte superior del barril puede evitar la arena. Bomba de control de arena de \u00e9mbolo largo: Tiene un \u00e9mbolo largo y una estructura de barril corto. El \u00e9mbolo se encuentra en la parte superior del barril y disminuye el bloque de arena. El canal de ajuste de arena se instala fuera del barril para evitar que la bomba se obstruya con arena. Los orificios de bomba disponibles son de 1 1\/2&#8243;, 1 3\/4&#8243; y 2 1\/4&#8243;.<\/p><p class=\"\"><strong>Bomba de control de gas:<\/strong> La v\u00e1lvula de desplazamiento adopta una estructura de encendido y apagado forzado para evitar el bloqueo de gas. Los orificios de bomba disponibles son 1 1\/2&#8243;, 1 3\/4&#8243;, 2 1\/4&#8243;, 2 3\/4&#8243;, 3 1\/4&#8243; y 3.3\/4&#8243;.<\/p>\t\t\t\t\t\t<\/div>\n\t\t\t\t<\/div>\n\t\t\t\t\t<\/div>\n\t\t<\/div>\n\t\t\t\t<div class=\"elementor-column elementor-col-50 elementor-inner-column elementor-element elementor-element-2410c47\" data-id=\"2410c47\" data-element_type=\"column\">\n\t\t\t<div class=\"elementor-widget-wrap elementor-element-populated\">\n\t\t\t\t\t\t<div class=\"elementor-element elementor-element-01299d3 elementor-widget elementor-widget-image\" data-id=\"01299d3\" data-element_type=\"widget\" data-widget_type=\"image.default\">\n\t\t\t\t<div class=\"elementor-widget-container\">\n\t\t\t\t\t\t\t\t\t\t\t\t\t<img decoding=\"async\" width=\"286\" height=\"176\" src=\"https:\/\/ditcatechnology.com\/wp-content\/uploads\/2024\/01\/DOWNHOLE-PUMP.jpeg\" class=\"attachment-large size-large wp-image-1462\" alt=\"\" \/>\t\t\t\t\t\t\t\t\t\t\t\t\t<\/div>\n\t\t\t\t<\/div>\n\t\t\t\t<div class=\"elementor-element elementor-element-cab5602 elementor-widget elementor-widget-image\" data-id=\"cab5602\" data-element_type=\"widget\" data-widget_type=\"image.default\">\n\t\t\t\t<div class=\"elementor-widget-container\">\n\t\t\t\t\t\t\t\t\t\t\t\t\t<img decoding=\"async\" width=\"390\" height=\"450\" src=\"https:\/\/ditcatechnology.com\/wp-content\/uploads\/2024\/01\/Barriles.png\" class=\"attachment-2048x2048 size-2048x2048 wp-image-1461\" alt=\"\" srcset=\"https:\/\/ditcatechnology.com\/wp-content\/uploads\/2024\/01\/Barriles.png 390w, https:\/\/ditcatechnology.com\/wp-content\/uploads\/2024\/01\/Barriles-260x300.png 260w\" sizes=\"(max-width: 390px) 100vw, 390px\" \/>\t\t\t\t\t\t\t\t\t\t\t\t\t<\/div>\n\t\t\t\t<\/div>\n\t\t\t\t\t<\/div>\n\t\t<\/div>\n\t\t\t\t\t<\/div>\n\t\t<\/section>\n\t\t\t\t<div class=\"elementor-element elementor-element-af438c4 elementor-align-center elementor-widget elementor-widget-button\" data-id=\"af438c4\" data-element_type=\"widget\" data-widget_type=\"button.default\">\n\t\t\t\t<div class=\"elementor-widget-container\">\n\t\t\t\t\t<div class=\"elementor-button-wrapper\">\n\t\t\t<a class=\"elementor-button elementor-button-link elementor-size-xs\" href=\"https:\/\/ditcatechnology.com\/index.php\/contactenos\/\">\n\t\t\t\t\t\t<span class=\"elementor-button-content-wrapper\">\n\t\t\t\t\t\t<span class=\"elementor-button-text\">Cont\u00e1ctenos<\/span>\n\t\t<\/span>\n\t\t\t\t\t<\/a>\n\t\t<\/div>\n\t\t\t\t<\/div>\n\t\t\t\t<\/div>\n\t\t\t\t\t<\/div>\n\t\t<\/div>\n\t\t\t\t\t<\/div>\n\t\t<\/section>\n\t\t\t\t<\/div>\n\t\t","protected":false},"excerpt":{"rendered":"<p>BOMBA DE FONDO DE POZO La bomba de varilla de bombeo subsuperficial es un conjunto de piezas que operan entre s\u00ed para proporcionar un m\u00e9todo alternativo de desplazamiento positivo para eliminar el fluido del pozo al sistema de producci\u00f3n. Se considera \u00abEL CORAZ\u00d3N DEL SISTEMA DE BOMBEO DE VARILLA DE BOMBEO\u00bb. La funci\u00f3n principal de [&hellip;]<\/p>\n","protected":false},"author":1,"featured_media":0,"parent":0,"menu_order":0,"comment_status":"closed","ping_status":"closed","template":"","meta":{"site-sidebar-layout":"no-sidebar","site-content-layout":"page-builder","ast-site-content-layout":"full-width-container","site-content-style":"unboxed","site-sidebar-style":"unboxed","ast-global-header-display":"","ast-banner-title-visibility":"","ast-main-header-display":"","ast-hfb-above-header-display":"","ast-hfb-below-header-display":"","ast-hfb-mobile-header-display":"","site-post-title":"disabled","ast-breadcrumbs-content":"","ast-featured-img":"disabled","footer-sml-layout":"","theme-transparent-header-meta":"","adv-header-id-meta":"","stick-header-meta":"","header-above-stick-meta":"","header-main-stick-meta":"","header-below-stick-meta":"","astra-migrate-meta-layouts":"set","ast-page-background-enabled":"default","ast-page-background-meta":{"desktop":{"background-color":"var(--ast-global-color-4)","background-image":"","background-repeat":"repeat","background-position":"center center","background-size":"auto","background-attachment":"scroll","background-type":"","background-media":"","overlay-type":"","overlay-color":"","overlay-gradient":""},"tablet":{"background-color":"","background-image":"","background-repeat":"repeat","background-position":"center center","background-size":"auto","background-attachment":"scroll","background-type":"","background-media":"","overlay-type":"","overlay-color":"","overlay-gradient":""},"mobile":{"background-color":"","background-image":"","background-repeat":"repeat","background-position":"center center","background-size":"auto","background-attachment":"scroll","background-type":"","background-media":"","overlay-type":"","overlay-color":"","overlay-gradient":""}},"ast-content-background-meta":{"desktop":{"background-color":"var(--ast-global-color-5)","background-image":"","background-repeat":"repeat","background-position":"center center","background-size":"auto","background-attachment":"scroll","background-type":"","background-media":"","overlay-type":"","overlay-color":"","overlay-gradient":""},"tablet":{"background-color":"var(--ast-global-color-5)","background-image":"","background-repeat":"repeat","background-position":"center center","background-size":"auto","background-attachment":"scroll","background-type":"","background-media":"","overlay-type":"","overlay-color":"","overlay-gradient":""},"mobile":{"background-color":"var(--ast-global-color-5)","background-image":"","background-repeat":"repeat","background-position":"center center","background-size":"auto","background-attachment":"scroll","background-type":"","background-media":"","overlay-type":"","overlay-color":"","overlay-gradient":""}},"footnotes":""},"class_list":["post-1452","page","type-page","status-publish","hentry"],"_links":{"self":[{"href":"https:\/\/ditcatechnology.com\/index.php\/wp-json\/wp\/v2\/pages\/1452","targetHints":{"allow":["GET"]}}],"collection":[{"href":"https:\/\/ditcatechnology.com\/index.php\/wp-json\/wp\/v2\/pages"}],"about":[{"href":"https:\/\/ditcatechnology.com\/index.php\/wp-json\/wp\/v2\/types\/page"}],"author":[{"embeddable":true,"href":"https:\/\/ditcatechnology.com\/index.php\/wp-json\/wp\/v2\/users\/1"}],"replies":[{"embeddable":true,"href":"https:\/\/ditcatechnology.com\/index.php\/wp-json\/wp\/v2\/comments?post=1452"}],"version-history":[{"count":6,"href":"https:\/\/ditcatechnology.com\/index.php\/wp-json\/wp\/v2\/pages\/1452\/revisions"}],"predecessor-version":[{"id":1465,"href":"https:\/\/ditcatechnology.com\/index.php\/wp-json\/wp\/v2\/pages\/1452\/revisions\/1465"}],"wp:attachment":[{"href":"https:\/\/ditcatechnology.com\/index.php\/wp-json\/wp\/v2\/media?parent=1452"}],"curies":[{"name":"wp","href":"https:\/\/api.w.org\/{rel}","templated":true}]}}