{"id":1421,"date":"2023-09-24T16:24:09","date_gmt":"2023-09-24T20:24:09","guid":{"rendered":"http:\/\/ditcatechnology.com\/?page_id=1421"},"modified":"2024-01-31T10:27:57","modified_gmt":"2024-01-31T14:27:57","slug":"levantamiento-artificial","status":"publish","type":"page","link":"https:\/\/ditcatechnology.com\/index.php\/levantamiento-artificial\/","title":{"rendered":"Balancines"},"content":{"rendered":"\t\t<div data-elementor-type=\"wp-page\" data-elementor-id=\"1421\" class=\"elementor elementor-1421\">\n\t\t\t\t\t\t<section class=\"elementor-section elementor-top-section elementor-element elementor-element-599caab elementor-section-content-middle elementor-section-boxed elementor-section-height-default elementor-section-height-default\" data-id=\"599caab\" data-element_type=\"section\">\n\t\t\t\t\t\t<div class=\"elementor-container elementor-column-gap-wider\">\n\t\t\t\t\t<div class=\"elementor-column elementor-col-50 elementor-top-column elementor-element elementor-element-8da5a64\" data-id=\"8da5a64\" data-element_type=\"column\">\n\t\t\t<div class=\"elementor-widget-wrap elementor-element-populated\">\n\t\t\t\t\t\t<div class=\"elementor-element elementor-element-b8ca11e elementor-widget elementor-widget-image\" data-id=\"b8ca11e\" data-element_type=\"widget\" data-widget_type=\"image.default\">\n\t\t\t\t<div class=\"elementor-widget-container\">\n\t\t\t<style>\/*! elementor - v3.19.0 - 07-02-2024 *\/\n.elementor-widget-image{text-align:center}.elementor-widget-image a{display:inline-block}.elementor-widget-image a img[src$=\".svg\"]{width:48px}.elementor-widget-image img{vertical-align:middle;display:inline-block}<\/style>\t\t\t\t\t\t\t\t\t\t<img fetchpriority=\"high\" decoding=\"async\" width=\"497\" height=\"719\" src=\"https:\/\/ditcatechnology.com\/wp-content\/uploads\/2024\/01\/Balancin.png\" class=\"attachment-large size-large wp-image-1439\" alt=\"\" srcset=\"https:\/\/ditcatechnology.com\/wp-content\/uploads\/2024\/01\/Balancin.png 497w, https:\/\/ditcatechnology.com\/wp-content\/uploads\/2024\/01\/Balancin-207x300.png 207w\" sizes=\"(max-width: 497px) 100vw, 497px\" \/>\t\t\t\t\t\t\t\t\t\t\t\t\t<\/div>\n\t\t\t\t<\/div>\n\t\t\t\t\t<\/div>\n\t\t<\/div>\n\t\t\t\t<div class=\"elementor-column elementor-col-50 elementor-top-column elementor-element elementor-element-669c611\" data-id=\"669c611\" data-element_type=\"column\">\n\t\t\t<div class=\"elementor-widget-wrap elementor-element-populated\">\n\t\t\t\t\t\t<section class=\"elementor-section elementor-inner-section elementor-element elementor-element-ac79975 elementor-section-boxed elementor-section-height-default elementor-section-height-default\" data-id=\"ac79975\" data-element_type=\"section\">\n\t\t\t\t\t\t<div class=\"elementor-container elementor-column-gap-default\">\n\t\t\t\t\t<div class=\"elementor-column elementor-col-50 elementor-inner-column elementor-element elementor-element-3c7423e\" data-id=\"3c7423e\" data-element_type=\"column\">\n\t\t\t<div class=\"elementor-widget-wrap elementor-element-populated\">\n\t\t\t\t\t\t<div class=\"elementor-element elementor-element-92a9200 elementor-widget__width-initial elementor-widget elementor-widget-heading\" data-id=\"92a9200\" data-element_type=\"widget\" data-widget_type=\"heading.default\">\n\t\t\t\t<div class=\"elementor-widget-container\">\n\t\t\t<style>\/*! elementor - v3.19.0 - 07-02-2024 *\/\n.elementor-heading-title{padding:0;margin:0;line-height:1}.elementor-widget-heading .elementor-heading-title[class*=elementor-size-]>a{color:inherit;font-size:inherit;line-height:inherit}.elementor-widget-heading .elementor-heading-title.elementor-size-small{font-size:15px}.elementor-widget-heading .elementor-heading-title.elementor-size-medium{font-size:19px}.elementor-widget-heading .elementor-heading-title.elementor-size-large{font-size:29px}.elementor-widget-heading .elementor-heading-title.elementor-size-xl{font-size:39px}.elementor-widget-heading .elementor-heading-title.elementor-size-xxl{font-size:59px}<\/style><h2 class=\"elementor-heading-title elementor-size-default\">Bombas de Vigas (Balancines)<\/h2>\t\t<\/div>\n\t\t\t\t<\/div>\n\t\t\t\t\t<\/div>\n\t\t<\/div>\n\t\t\t\t<div class=\"elementor-column elementor-col-50 elementor-inner-column elementor-element elementor-element-91c8f47\" data-id=\"91c8f47\" data-element_type=\"column\">\n\t\t\t<div class=\"elementor-widget-wrap elementor-element-populated\">\n\t\t\t\t\t\t<div class=\"elementor-element elementor-element-7a928cf elementor-widget elementor-widget-image\" data-id=\"7a928cf\" data-element_type=\"widget\" data-widget_type=\"image.default\">\n\t\t\t\t<div class=\"elementor-widget-container\">\n\t\t\t\t\t\t\t\t\t\t\t\t\t<img decoding=\"async\" width=\"318\" height=\"159\" src=\"https:\/\/ditcatechnology.com\/wp-content\/uploads\/2023\/09\/balancin-pequeno.png\" class=\"attachment-large size-large wp-image-1428\" alt=\"\" srcset=\"https:\/\/ditcatechnology.com\/wp-content\/uploads\/2023\/09\/balancin-pequeno.png 318w, https:\/\/ditcatechnology.com\/wp-content\/uploads\/2023\/09\/balancin-pequeno-300x150.png 300w\" sizes=\"(max-width: 318px) 100vw, 318px\" \/>\t\t\t\t\t\t\t\t\t\t\t\t\t<\/div>\n\t\t\t\t<\/div>\n\t\t\t\t\t<\/div>\n\t\t<\/div>\n\t\t\t\t\t<\/div>\n\t\t<\/section>\n\t\t\t\t<div class=\"elementor-element elementor-element-9684eaf elementor-widget__width-initial elementor-widget elementor-widget-text-editor\" data-id=\"9684eaf\" data-element_type=\"widget\" data-widget_type=\"text-editor.default\">\n\t\t\t\t<div class=\"elementor-widget-container\">\n\t\t\t<style>\/*! elementor - v3.19.0 - 07-02-2024 *\/\n.elementor-widget-text-editor.elementor-drop-cap-view-stacked .elementor-drop-cap{background-color:#69727d;color:#fff}.elementor-widget-text-editor.elementor-drop-cap-view-framed .elementor-drop-cap{color:#69727d;border:3px solid;background-color:transparent}.elementor-widget-text-editor:not(.elementor-drop-cap-view-default) .elementor-drop-cap{margin-top:8px}.elementor-widget-text-editor:not(.elementor-drop-cap-view-default) .elementor-drop-cap-letter{width:1em;height:1em}.elementor-widget-text-editor .elementor-drop-cap{float:left;text-align:center;line-height:1;font-size:50px}.elementor-widget-text-editor .elementor-drop-cap-letter{display:inline-block}<\/style>\t\t\t\t<p>Contamos con el apoyo de nuestro Aliado Comercial <strong>United Lift Technologies<\/strong>, con certificaciones <strong>ISO<\/strong> y <strong>API<\/strong>, en las instalaciones de fabricaci\u00f3n, las cuales permiten una fabricaci\u00f3n ajustada que garantiza una calidad constante y mejoras continuas.<\/p><p>Adem\u00e1s de equipos de metal\u00fargicos, ingenieros mec\u00e1nicos e ingenieros de aplicaciones que, en promedio, tienen m\u00e1s de veinte a\u00f1os de experiencia en el dise\u00f1o, la fabricaci\u00f3n y las aplicaciones de bombas de viga API, las bombas de viga ULT representan lo mejor de la industria en t\u00e9rminos de seguridad, calidad, rendimiento y confiabilidad.<\/p>\t\t\t\t\t\t<\/div>\n\t\t\t\t<\/div>\n\t\t\t\t\t<\/div>\n\t\t<\/div>\n\t\t\t\t\t<\/div>\n\t\t<\/section>\n\t\t\t\t<section class=\"elementor-section elementor-top-section elementor-element elementor-element-77e0110 elementor-section-content-middle elementor-section-boxed elementor-section-height-default elementor-section-height-default\" data-id=\"77e0110\" data-element_type=\"section\">\n\t\t\t\t\t\t<div class=\"elementor-container elementor-column-gap-wider\">\n\t\t\t\t\t<div class=\"elementor-column elementor-col-100 elementor-top-column elementor-element elementor-element-ba94274\" data-id=\"ba94274\" data-element_type=\"column\">\n\t\t\t<div class=\"elementor-widget-wrap elementor-element-populated\">\n\t\t\t\t\t\t<div class=\"elementor-element elementor-element-dd328a4 elementor-widget__width-initial elementor-widget elementor-widget-heading\" data-id=\"dd328a4\" data-element_type=\"widget\" data-widget_type=\"heading.default\">\n\t\t\t\t<div class=\"elementor-widget-container\">\n\t\t\t<h2 class=\"elementor-heading-title elementor-size-default\">CARACTER\u00cdSTICAS DE DISE\u00d1O<\/h2>\t\t<\/div>\n\t\t\t\t<\/div>\n\t\t\t\t<section class=\"elementor-section elementor-inner-section elementor-element elementor-element-544e5f4 elementor-section-content-middle elementor-section-boxed elementor-section-height-default elementor-section-height-default\" data-id=\"544e5f4\" data-element_type=\"section\">\n\t\t\t\t\t\t<div class=\"elementor-container elementor-column-gap-default\">\n\t\t\t\t\t<div class=\"elementor-column elementor-col-50 elementor-inner-column elementor-element elementor-element-e8340b4\" data-id=\"e8340b4\" data-element_type=\"column\">\n\t\t\t<div class=\"elementor-widget-wrap elementor-element-populated\">\n\t\t\t\t\t\t<div class=\"elementor-element elementor-element-ecc1103 elementor-widget elementor-widget-text-editor\" data-id=\"ecc1103\" data-element_type=\"widget\" data-widget_type=\"text-editor.default\">\n\t\t\t\t<div class=\"elementor-widget-container\">\n\t\t\t\t\t\t\t<h6><span style=\"color: #0000ff;\">CAJA REDUCTORA<\/span><\/h6><p class=\"\"><strong style=\"font-style: inherit; font-family: var( --e-global-typography-text-font-family ), Sans-serif; background-color: var(--ast-global-color-5);\">Caja de cambios:<\/strong><span style=\"font-style: inherit; font-weight: inherit; font-family: var( --e-global-typography-text-font-family ), Sans-serif; background-color: var(--ast-global-color-5);\"> Fabricado en hierro fundido de alta calidad ASTM A48 o equivalente y compuesto por dos piezas divididas en la l\u00ednea central horizontal del eje para permitir una f\u00e1cil extracci\u00f3n en campo y el reemplazo de todos los elementos giratorios. Este grado de hierro fundido tiene mejores propiedades mec\u00e1nicas que el utilizado por otros fabricantes de unidades de bombeo de vigas. La caja de cambios est\u00e1ndar tiene una abertura en el punto m\u00e1s bajo del c\u00e1rter con un tap\u00f3n magn\u00e9tico que captura los contaminantes met\u00e1licos.<\/span><\/p><p class=\"\"><strong>Engranaje:<\/strong> Tipo espiga involuta y doble reducci\u00f3n con una reducci\u00f3n de engranajes de entre 28 y 30.\u00a0<\/p><p class=\"\"><strong>Rumbos:<\/strong> Todos los rodamientos de la caja de engranajes son de tipo de rodillo recto de flotaci\u00f3n libre axial de gran tama\u00f1o alojados en soportes de rodamientos individuales que se pueden quitar de la carcasa del engranaje principal. Los rodamientos no requieren ning\u00fan ajuste en la instalaci\u00f3n inicial ni durante los procedimientos de mantenimiento o sustituci\u00f3n. Los rodamientos superan los requisitos de vida \u00fatil API 11E L-10. Todos los mu\u00f1ones de cojinetes de eje, las \u00e1reas de sellado y las \u00e1reas de ajuste de interferencia tienen un alto grado de acabados superficiales.<\/p><p class=\"\"><strong>Lubricaci\u00f3n:<\/strong> El innovador sistema de lubricaci\u00f3n tiene un flujo de aceite positivo a trav\u00e9s de todos los rodamientos en todo el rango de velocidad de funcionamiento en condiciones ambientales. El sistema de lubricaci\u00f3n no requiere ajustes durante los procedimientos de mantenimiento. Una gran capacidad de c\u00e1rter de aceite proporciona el tiempo de lubricante para que el aire arrastrado se disipe y proporcione un sumidero silencioso para que los contaminantes se asienten fuera del lubricante, evitando as\u00ed que contin\u00faen circulando a trav\u00e9s de los engranajes y cojinetes.<\/p>\t\t\t\t\t\t<\/div>\n\t\t\t\t<\/div>\n\t\t\t\t\t<\/div>\n\t\t<\/div>\n\t\t\t\t<div class=\"elementor-column elementor-col-50 elementor-inner-column elementor-element elementor-element-845f567\" data-id=\"845f567\" data-element_type=\"column\">\n\t\t\t<div class=\"elementor-widget-wrap elementor-element-populated\">\n\t\t\t\t\t\t<div class=\"elementor-element elementor-element-acd5f6c elementor-widget__width-initial elementor-widget elementor-widget-image\" data-id=\"acd5f6c\" data-element_type=\"widget\" data-widget_type=\"image.default\">\n\t\t\t\t<div class=\"elementor-widget-container\">\n\t\t\t\t\t\t\t\t\t\t\t\t\t<img decoding=\"async\" width=\"794\" height=\"588\" src=\"https:\/\/ditcatechnology.com\/wp-content\/uploads\/2024\/01\/Caja-Reductora.png\" class=\"attachment-full size-full wp-image-1440\" alt=\"\" srcset=\"https:\/\/ditcatechnology.com\/wp-content\/uploads\/2024\/01\/Caja-Reductora.png 794w, https:\/\/ditcatechnology.com\/wp-content\/uploads\/2024\/01\/Caja-Reductora-300x222.png 300w, https:\/\/ditcatechnology.com\/wp-content\/uploads\/2024\/01\/Caja-Reductora-768x569.png 768w\" sizes=\"(max-width: 794px) 100vw, 794px\" \/>\t\t\t\t\t\t\t\t\t\t\t\t\t<\/div>\n\t\t\t\t<\/div>\n\t\t\t\t\t<\/div>\n\t\t<\/div>\n\t\t\t\t\t<\/div>\n\t\t<\/section>\n\t\t\t\t<section class=\"elementor-section elementor-inner-section elementor-element elementor-element-83d99c2 elementor-section-content-middle elementor-section-boxed elementor-section-height-default elementor-section-height-default\" data-id=\"83d99c2\" data-element_type=\"section\">\n\t\t\t\t\t\t<div class=\"elementor-container elementor-column-gap-default\">\n\t\t\t\t\t<div class=\"elementor-column elementor-col-50 elementor-inner-column elementor-element elementor-element-6b7f5cf\" data-id=\"6b7f5cf\" data-element_type=\"column\">\n\t\t\t<div class=\"elementor-widget-wrap elementor-element-populated\">\n\t\t\t\t\t\t<div class=\"elementor-element elementor-element-7dfc172 elementor-widget__width-initial elementor-widget elementor-widget-text-editor\" data-id=\"7dfc172\" data-element_type=\"widget\" data-widget_type=\"text-editor.default\">\n\t\t\t\t<div class=\"elementor-widget-container\">\n\t\t\t\t\t\t\t<p><span style=\"color: #0000ff;\"><strong>Conjunto de cojinete del ecualizador:<\/strong><\/span> Los rodamientos ecualizadores son del tipo de rodillos c\u00f3nicos dobles, lo que ofrece una capacidad de carga superior tanto en direcci\u00f3n axial como radial y garantiza una excelente igualaci\u00f3n de carga tanto en los pasadores del cig\u00fce\u00f1al como en los pitmans. La lubricaci\u00f3n se realiza desde el nivel del suelo.<\/p>\t\t\t\t\t\t<\/div>\n\t\t\t\t<\/div>\n\t\t\t\t\t<\/div>\n\t\t<\/div>\n\t\t\t\t<div class=\"elementor-column elementor-col-50 elementor-inner-column elementor-element elementor-element-5520fc8\" data-id=\"5520fc8\" data-element_type=\"column\">\n\t\t\t<div class=\"elementor-widget-wrap elementor-element-populated\">\n\t\t\t\t\t\t<div class=\"elementor-element elementor-element-0b26ca4 elementor-widget__width-initial elementor-widget elementor-widget-image\" data-id=\"0b26ca4\" data-element_type=\"widget\" data-widget_type=\"image.default\">\n\t\t\t\t<div class=\"elementor-widget-container\">\n\t\t\t\t\t\t\t\t\t\t\t\t\t<img loading=\"lazy\" decoding=\"async\" width=\"279\" height=\"267\" src=\"https:\/\/ditcatechnology.com\/wp-content\/uploads\/2024\/01\/Equalizer-Bearing-Assembly.png\" class=\"attachment-large size-large wp-image-1441\" alt=\"\" \/>\t\t\t\t\t\t\t\t\t\t\t\t\t<\/div>\n\t\t\t\t<\/div>\n\t\t\t\t\t<\/div>\n\t\t<\/div>\n\t\t\t\t\t<\/div>\n\t\t<\/section>\n\t\t\t\t<section class=\"elementor-section elementor-inner-section elementor-element elementor-element-279a4fd elementor-section-content-middle elementor-section-boxed elementor-section-height-default elementor-section-height-default\" data-id=\"279a4fd\" data-element_type=\"section\">\n\t\t\t\t\t\t<div class=\"elementor-container elementor-column-gap-default\">\n\t\t\t\t\t<div class=\"elementor-column elementor-col-50 elementor-inner-column elementor-element elementor-element-89da507\" data-id=\"89da507\" data-element_type=\"column\">\n\t\t\t<div class=\"elementor-widget-wrap elementor-element-populated\">\n\t\t\t\t\t\t<div class=\"elementor-element elementor-element-d957d2e elementor-widget__width-initial elementor-widget elementor-widget-text-editor\" data-id=\"d957d2e\" data-element_type=\"widget\" data-widget_type=\"text-editor.default\">\n\t\t\t\t<div class=\"elementor-widget-container\">\n\t\t\t\t\t\t\t<p><span style=\"color: #0000ff;\"><strong>Sistema de Frenado:<\/strong><\/span> El sistema de frenos antideslizante permite detenerse cuando est\u00e1 activado. Este dise\u00f1o de freno externo de acero fundido con bloqueo de seguridad garantiza a los operadores una respuesta de frenado inmediata y decisiva cuando sea necesario.<\/p>\t\t\t\t\t\t<\/div>\n\t\t\t\t<\/div>\n\t\t\t\t\t<\/div>\n\t\t<\/div>\n\t\t\t\t<div class=\"elementor-column elementor-col-50 elementor-inner-column elementor-element elementor-element-e78cd76\" data-id=\"e78cd76\" data-element_type=\"column\">\n\t\t\t<div class=\"elementor-widget-wrap elementor-element-populated\">\n\t\t\t\t\t\t<div class=\"elementor-element elementor-element-1341ec7 elementor-widget__width-initial elementor-widget elementor-widget-image\" data-id=\"1341ec7\" data-element_type=\"widget\" data-widget_type=\"image.default\">\n\t\t\t\t<div class=\"elementor-widget-container\">\n\t\t\t\t\t\t\t\t\t\t\t\t\t<img loading=\"lazy\" decoding=\"async\" width=\"570\" height=\"524\" src=\"https:\/\/ditcatechnology.com\/wp-content\/uploads\/2024\/01\/Brake-System.png\" class=\"attachment-large size-large wp-image-1442\" alt=\"\" srcset=\"https:\/\/ditcatechnology.com\/wp-content\/uploads\/2024\/01\/Brake-System.png 570w, https:\/\/ditcatechnology.com\/wp-content\/uploads\/2024\/01\/Brake-System-300x276.png 300w\" sizes=\"(max-width: 570px) 100vw, 570px\" \/>\t\t\t\t\t\t\t\t\t\t\t\t\t<\/div>\n\t\t\t\t<\/div>\n\t\t\t\t\t<\/div>\n\t\t<\/div>\n\t\t\t\t\t<\/div>\n\t\t<\/section>\n\t\t\t\t<section class=\"elementor-section elementor-inner-section elementor-element elementor-element-c92a70f elementor-section-content-middle elementor-section-boxed elementor-section-height-default elementor-section-height-default\" data-id=\"c92a70f\" data-element_type=\"section\">\n\t\t\t\t\t\t<div class=\"elementor-container elementor-column-gap-default\">\n\t\t\t\t\t<div class=\"elementor-column elementor-col-50 elementor-inner-column elementor-element elementor-element-22d6af7\" data-id=\"22d6af7\" data-element_type=\"column\">\n\t\t\t<div class=\"elementor-widget-wrap elementor-element-populated\">\n\t\t\t\t\t\t<div class=\"elementor-element elementor-element-daa3fe6 elementor-widget__width-initial elementor-widget elementor-widget-text-editor\" data-id=\"daa3fe6\" data-element_type=\"widget\" data-widget_type=\"text-editor.default\">\n\t\t\t\t<div class=\"elementor-widget-container\">\n\t\t\t\t\t\t\t<p><span style=\"color: #0000ff;\"><strong>Conjunto de rodamiento central:<\/strong><\/span> Los cojinetes de silla son del tipo de rodillos c\u00f3nicos dobles, lo que ofrece una capacidad de carga superior tanto en direcci\u00f3n axial como radial y, por lo tanto, confiabilidad y longevidad. Nuestros sellos metal con metal previenen da\u00f1os causados por sobrelubricaci\u00f3n.<\/p>\t\t\t\t\t\t<\/div>\n\t\t\t\t<\/div>\n\t\t\t\t\t<\/div>\n\t\t<\/div>\n\t\t\t\t<div class=\"elementor-column elementor-col-50 elementor-inner-column elementor-element elementor-element-de0ff84\" data-id=\"de0ff84\" data-element_type=\"column\">\n\t\t\t<div class=\"elementor-widget-wrap elementor-element-populated\">\n\t\t\t\t\t\t<div class=\"elementor-element elementor-element-a026abd elementor-widget__width-initial elementor-widget elementor-widget-image\" data-id=\"a026abd\" data-element_type=\"widget\" data-widget_type=\"image.default\">\n\t\t\t\t<div class=\"elementor-widget-container\">\n\t\t\t\t\t\t\t\t\t\t\t\t\t<img loading=\"lazy\" decoding=\"async\" width=\"800\" height=\"607\" src=\"https:\/\/ditcatechnology.com\/wp-content\/uploads\/2024\/01\/Center-Bearing-Assembly.png\" class=\"attachment-large size-large wp-image-1443\" alt=\"\" srcset=\"https:\/\/ditcatechnology.com\/wp-content\/uploads\/2024\/01\/Center-Bearing-Assembly.png 800w, https:\/\/ditcatechnology.com\/wp-content\/uploads\/2024\/01\/Center-Bearing-Assembly-300x228.png 300w, https:\/\/ditcatechnology.com\/wp-content\/uploads\/2024\/01\/Center-Bearing-Assembly-768x583.png 768w\" sizes=\"(max-width: 800px) 100vw, 800px\" \/>\t\t\t\t\t\t\t\t\t\t\t\t\t<\/div>\n\t\t\t\t<\/div>\n\t\t\t\t\t<\/div>\n\t\t<\/div>\n\t\t\t\t\t<\/div>\n\t\t<\/section>\n\t\t\t\t<div class=\"elementor-element elementor-element-e2793a1 elementor-align-center elementor-widget elementor-widget-button\" data-id=\"e2793a1\" data-element_type=\"widget\" data-widget_type=\"button.default\">\n\t\t\t\t<div class=\"elementor-widget-container\">\n\t\t\t\t\t<div class=\"elementor-button-wrapper\">\n\t\t\t<a class=\"elementor-button elementor-button-link elementor-size-xs\" href=\"https:\/\/ditcatechnology.com\/index.php\/contactenos\/\">\n\t\t\t\t\t\t<span class=\"elementor-button-content-wrapper\">\n\t\t\t\t\t\t<span class=\"elementor-button-text\">Cont\u00e1ctenos<\/span>\n\t\t<\/span>\n\t\t\t\t\t<\/a>\n\t\t<\/div>\n\t\t\t\t<\/div>\n\t\t\t\t<\/div>\n\t\t\t\t\t<\/div>\n\t\t<\/div>\n\t\t\t\t\t<\/div>\n\t\t<\/section>\n\t\t\t\t<\/div>\n\t\t","protected":false},"excerpt":{"rendered":"<p>Bombas de Vigas (Balancines) Contamos con el apoyo de nuestro Aliado Comercial United Lift Technologies, con certificaciones ISO y API, en las instalaciones de fabricaci\u00f3n, las cuales permiten una fabricaci\u00f3n ajustada que garantiza una calidad constante y mejoras continuas. Adem\u00e1s de equipos de metal\u00fargicos, ingenieros mec\u00e1nicos e ingenieros de aplicaciones que, en promedio, tienen m\u00e1s [&hellip;]<\/p>\n","protected":false},"author":1,"featured_media":0,"parent":0,"menu_order":0,"comment_status":"closed","ping_status":"closed","template":"","meta":{"site-sidebar-layout":"no-sidebar","site-content-layout":"page-builder","ast-site-content-layout":"full-width-container","site-content-style":"unboxed","site-sidebar-style":"unboxed","ast-global-header-display":"","ast-banner-title-visibility":"","ast-main-header-display":"","ast-hfb-above-header-display":"","ast-hfb-below-header-display":"","ast-hfb-mobile-header-display":"","site-post-title":"disabled","ast-breadcrumbs-content":"","ast-featured-img":"disabled","footer-sml-layout":"","theme-transparent-header-meta":"","adv-header-id-meta":"","stick-header-meta":"","header-above-stick-meta":"","header-main-stick-meta":"","header-below-stick-meta":"","astra-migrate-meta-layouts":"set","ast-page-background-enabled":"default","ast-page-background-meta":{"desktop":{"background-color":"var(--ast-global-color-4)","background-image":"","background-repeat":"repeat","background-position":"center center","background-size":"auto","background-attachment":"scroll","background-type":"","background-media":"","overlay-type":"","overlay-color":"","overlay-gradient":""},"tablet":{"background-color":"","background-image":"","background-repeat":"repeat","background-position":"center center","background-size":"auto","background-attachment":"scroll","background-type":"","background-media":"","overlay-type":"","overlay-color":"","overlay-gradient":""},"mobile":{"background-color":"","background-image":"","background-repeat":"repeat","background-position":"center center","background-size":"auto","background-attachment":"scroll","background-type":"","background-media":"","overlay-type":"","overlay-color":"","overlay-gradient":""}},"ast-content-background-meta":{"desktop":{"background-color":"var(--ast-global-color-5)","background-image":"","background-repeat":"repeat","background-position":"center center","background-size":"auto","background-attachment":"scroll","background-type":"","background-media":"","overlay-type":"","overlay-color":"","overlay-gradient":""},"tablet":{"background-color":"var(--ast-global-color-5)","background-image":"","background-repeat":"repeat","background-position":"center center","background-size":"auto","background-attachment":"scroll","background-type":"","background-media":"","overlay-type":"","overlay-color":"","overlay-gradient":""},"mobile":{"background-color":"var(--ast-global-color-5)","background-image":"","background-repeat":"repeat","background-position":"center center","background-size":"auto","background-attachment":"scroll","background-type":"","background-media":"","overlay-type":"","overlay-color":"","overlay-gradient":""}},"footnotes":""},"class_list":["post-1421","page","type-page","status-publish","hentry"],"_links":{"self":[{"href":"https:\/\/ditcatechnology.com\/index.php\/wp-json\/wp\/v2\/pages\/1421","targetHints":{"allow":["GET"]}}],"collection":[{"href":"https:\/\/ditcatechnology.com\/index.php\/wp-json\/wp\/v2\/pages"}],"about":[{"href":"https:\/\/ditcatechnology.com\/index.php\/wp-json\/wp\/v2\/types\/page"}],"author":[{"embeddable":true,"href":"https:\/\/ditcatechnology.com\/index.php\/wp-json\/wp\/v2\/users\/1"}],"replies":[{"embeddable":true,"href":"https:\/\/ditcatechnology.com\/index.php\/wp-json\/wp\/v2\/comments?post=1421"}],"version-history":[{"count":16,"href":"https:\/\/ditcatechnology.com\/index.php\/wp-json\/wp\/v2\/pages\/1421\/revisions"}],"predecessor-version":[{"id":1451,"href":"https:\/\/ditcatechnology.com\/index.php\/wp-json\/wp\/v2\/pages\/1421\/revisions\/1451"}],"wp:attachment":[{"href":"https:\/\/ditcatechnology.com\/index.php\/wp-json\/wp\/v2\/media?parent=1421"}],"curies":[{"name":"wp","href":"https:\/\/api.w.org\/{rel}","templated":true}]}}