{"id":1226,"date":"2023-03-20T22:44:23","date_gmt":"2023-03-21T02:44:23","guid":{"rendered":"http:\/\/ditcatechnology.com\/?page_id=1226"},"modified":"2023-03-21T00:09:35","modified_gmt":"2023-03-21T04:09:35","slug":"skid-paquetes-de-bombas","status":"publish","type":"page","link":"https:\/\/ditcatechnology.com\/index.php\/skid-paquetes-de-bombas\/","title":{"rendered":"Skid \/ Paquetes de Bombas"},"content":{"rendered":"\t\t<div data-elementor-type=\"wp-page\" data-elementor-id=\"1226\" class=\"elementor elementor-1226\">\n\t\t\t\t\t\t<section class=\"elementor-section elementor-top-section elementor-element elementor-element-dba5958 elementor-section-boxed elementor-section-height-default elementor-section-height-default\" data-id=\"dba5958\" data-element_type=\"section\">\n\t\t\t\t\t\t<div class=\"elementor-container elementor-column-gap-wider\">\n\t\t\t\t\t<div class=\"elementor-column elementor-col-50 elementor-top-column elementor-element elementor-element-d6a96cb\" data-id=\"d6a96cb\" data-element_type=\"column\">\n\t\t\t<div class=\"elementor-widget-wrap elementor-element-populated\">\n\t\t\t\t\t\t<div class=\"elementor-element elementor-element-2d4491d elementor-widget elementor-widget-image\" data-id=\"2d4491d\" data-element_type=\"widget\" data-widget_type=\"image.default\">\n\t\t\t\t<div class=\"elementor-widget-container\">\n\t\t\t<style>\/*! elementor - v3.19.0 - 07-02-2024 *\/\n.elementor-widget-image{text-align:center}.elementor-widget-image a{display:inline-block}.elementor-widget-image a img[src$=\".svg\"]{width:48px}.elementor-widget-image img{vertical-align:middle;display:inline-block}<\/style>\t\t\t\t\t\t\t\t\t\t<img fetchpriority=\"high\" decoding=\"async\" width=\"580\" height=\"238\" src=\"https:\/\/ditcatechnology.com\/wp-content\/uploads\/2023\/03\/Paquete-de-bomba.jpg\" class=\"attachment-large size-large wp-image-1230\" alt=\"\" srcset=\"https:\/\/ditcatechnology.com\/wp-content\/uploads\/2023\/03\/Paquete-de-bomba.jpg 580w, https:\/\/ditcatechnology.com\/wp-content\/uploads\/2023\/03\/Paquete-de-bomba-300x123.jpg 300w\" sizes=\"(max-width: 580px) 100vw, 580px\" \/>\t\t\t\t\t\t\t\t\t\t\t\t\t<\/div>\n\t\t\t\t<\/div>\n\t\t\t\t<div class=\"elementor-element elementor-element-07e0b93 elementor-widget elementor-widget-image\" data-id=\"07e0b93\" data-element_type=\"widget\" data-widget_type=\"image.default\">\n\t\t\t\t<div class=\"elementor-widget-container\">\n\t\t\t\t\t\t\t\t\t\t\t\t\t<img decoding=\"async\" width=\"621\" height=\"394\" src=\"https:\/\/ditcatechnology.com\/wp-content\/uploads\/2023\/03\/Paquete-de-bomba-2.jpg\" class=\"attachment-large size-large wp-image-1231\" alt=\"\" srcset=\"https:\/\/ditcatechnology.com\/wp-content\/uploads\/2023\/03\/Paquete-de-bomba-2.jpg 621w, https:\/\/ditcatechnology.com\/wp-content\/uploads\/2023\/03\/Paquete-de-bomba-2-300x190.jpg 300w\" sizes=\"(max-width: 621px) 100vw, 621px\" \/>\t\t\t\t\t\t\t\t\t\t\t\t\t<\/div>\n\t\t\t\t<\/div>\n\t\t\t\t\t<\/div>\n\t\t<\/div>\n\t\t\t\t<div class=\"elementor-column elementor-col-50 elementor-top-column elementor-element elementor-element-9369246\" data-id=\"9369246\" data-element_type=\"column\">\n\t\t\t<div class=\"elementor-widget-wrap elementor-element-populated\">\n\t\t\t\t\t\t<div class=\"elementor-element elementor-element-061c6a9 elementor-widget elementor-widget-heading\" data-id=\"061c6a9\" data-element_type=\"widget\" data-widget_type=\"heading.default\">\n\t\t\t\t<div class=\"elementor-widget-container\">\n\t\t\t<style>\/*! elementor - v3.19.0 - 07-02-2024 *\/\n.elementor-heading-title{padding:0;margin:0;line-height:1}.elementor-widget-heading .elementor-heading-title[class*=elementor-size-]>a{color:inherit;font-size:inherit;line-height:inherit}.elementor-widget-heading .elementor-heading-title.elementor-size-small{font-size:15px}.elementor-widget-heading .elementor-heading-title.elementor-size-medium{font-size:19px}.elementor-widget-heading .elementor-heading-title.elementor-size-large{font-size:29px}.elementor-widget-heading .elementor-heading-title.elementor-size-xl{font-size:39px}.elementor-widget-heading .elementor-heading-title.elementor-size-xxl{font-size:59px}<\/style><div class=\"elementor-heading-title elementor-size-large\">Skid \/ Paquetes de Bombas<\/div>\t\t<\/div>\n\t\t\t\t<\/div>\n\t\t\t\t<div class=\"elementor-element elementor-element-602fe22 elementor-widget elementor-widget-text-editor\" data-id=\"602fe22\" data-element_type=\"widget\" data-widget_type=\"text-editor.default\">\n\t\t\t\t<div class=\"elementor-widget-container\">\n\t\t\t<style>\/*! elementor - v3.19.0 - 07-02-2024 *\/\n.elementor-widget-text-editor.elementor-drop-cap-view-stacked .elementor-drop-cap{background-color:#69727d;color:#fff}.elementor-widget-text-editor.elementor-drop-cap-view-framed .elementor-drop-cap{color:#69727d;border:3px solid;background-color:transparent}.elementor-widget-text-editor:not(.elementor-drop-cap-view-default) .elementor-drop-cap{margin-top:8px}.elementor-widget-text-editor:not(.elementor-drop-cap-view-default) .elementor-drop-cap-letter{width:1em;height:1em}.elementor-widget-text-editor .elementor-drop-cap{float:left;text-align:center;line-height:1;font-size:50px}.elementor-widget-text-editor .elementor-drop-cap-letter{display:inline-block}<\/style>\t\t\t\t<p><strong>\u00a0 \u00a0Los paquetes<\/strong> de bombas personalizados se pueden dise\u00f1ar para adaptar cualquiera de la familia de bombas de nuestros aliados y nos esforzaremos por cumplir con sus requisitos personalizados. Las t\u00e9cnicas de ingenier\u00eda personalizada de\u00a0<strong>DITCA<\/strong> significan producir el mejor producto para la aplicaci\u00f3n. Manejaremos sus solicitudes y responderemos con preguntas espec\u00edficas para determinar los criterios m\u00e1s vitales para dise\u00f1ar la soluci\u00f3n adecuada para usted. <strong>DITCA<\/strong> reconoce que cada aplicaci\u00f3n de bombeo tiene sus propias caracter\u00edsticas operativas y requisitos de utilizaci\u00f3n \u00fanicos.\u00a0<\/p><p>\u00a0 \u00a0Algunas de las industrias a las que sirve <strong>DITCA<\/strong> incluyen: Bombas alternativas: medici\u00f3n de volumen controlada, equipos de monitoreo de acondicionamiento, sistemas de lubricaci\u00f3n, potencia horizontal, alarmas, dep\u00f3sitos de presi\u00f3n, reparaciones \/ modernizaciones de bombas, servicio \/ instalaci\u00f3n de campo, centros de control. Los productos incluyen chorro de agua, chorro de agua, medici\u00f3n qu\u00edmica, recirculaci\u00f3n y pruebas hidrost\u00e1ticas.<\/p><p><strong>\u00a0 \u00a0Hecho a medida<\/strong> &#8211; nos especializamos en paquetes de bombas personalizadas. \u00bfTiene preguntas que determinan lo que necesita en t\u00e9rminos m\u00e1s espec\u00edficos que psi o c\u00f3mo desea conducirlo? La conducci\u00f3n personalizada es nuestro fuerte. Los productos incluyen bombas y sistemas de inyecci\u00f3n qu\u00edmica, bombas de chorro de agua a alta presi\u00f3n y bombas y sistemas de prueba hidrost\u00e1tica. Nuestros principales mercados son la agricultura, la industria marina, la energ\u00eda el\u00e9ctrica, los mercados miscel\u00e1neos, las ventas de reventa donde se conoce al usuario final, la exportaci\u00f3n, la miner\u00eda, la defensa, la distribuci\u00f3n de petr\u00f3leo, el transporte de petr\u00f3leo, la industria alimentaria, la industria qu\u00edmica, la refinaci\u00f3n de petr\u00f3leo.\u00a0<\/p>\t\t\t\t\t\t<\/div>\n\t\t\t\t<\/div>\n\t\t\t\t<div class=\"elementor-element elementor-element-ae20736 elementor-align-center elementor-widget elementor-widget-button\" data-id=\"ae20736\" data-element_type=\"widget\" data-widget_type=\"button.default\">\n\t\t\t\t<div class=\"elementor-widget-container\">\n\t\t\t\t\t<div class=\"elementor-button-wrapper\">\n\t\t\t<a class=\"elementor-button elementor-button-link elementor-size-xs\" href=\"http:\/\/ditcatechnology.com\/index.php\/contactenos\/\">\n\t\t\t\t\t\t<span class=\"elementor-button-content-wrapper\">\n\t\t\t\t\t\t<span class=\"elementor-button-text\">Cont\u00e1ctenos <\/span>\n\t\t<\/span>\n\t\t\t\t\t<\/a>\n\t\t<\/div>\n\t\t\t\t<\/div>\n\t\t\t\t<\/div>\n\t\t\t\t\t<\/div>\n\t\t<\/div>\n\t\t\t\t\t<\/div>\n\t\t<\/section>\n\t\t\t\t<\/div>\n\t\t","protected":false},"excerpt":{"rendered":"<p>Skid \/ Paquetes de Bombas \u00a0 \u00a0Los paquetes de bombas personalizados se pueden dise\u00f1ar para adaptar cualquiera de la familia de bombas de nuestros aliados y nos esforzaremos por cumplir con sus requisitos personalizados. Las t\u00e9cnicas de ingenier\u00eda personalizada de\u00a0DITCA significan producir el mejor producto para la aplicaci\u00f3n. Manejaremos sus solicitudes y responderemos con preguntas [&hellip;]<\/p>\n","protected":false},"author":1,"featured_media":0,"parent":0,"menu_order":0,"comment_status":"closed","ping_status":"closed","template":"","meta":{"site-sidebar-layout":"no-sidebar","site-content-layout":"page-builder","ast-site-content-layout":"","site-content-style":"default","site-sidebar-style":"default","ast-global-header-display":"","ast-banner-title-visibility":"","ast-main-header-display":"","ast-hfb-above-header-display":"","ast-hfb-below-header-display":"","ast-hfb-mobile-header-display":"","site-post-title":"disabled","ast-breadcrumbs-content":"","ast-featured-img":"disabled","footer-sml-layout":"","theme-transparent-header-meta":"","adv-header-id-meta":"","stick-header-meta":"","header-above-stick-meta":"","header-main-stick-meta":"","header-below-stick-meta":"","astra-migrate-meta-layouts":"default","ast-page-background-enabled":"default","ast-page-background-meta":{"desktop":{"background-color":"var(--ast-global-color-4)","background-image":"","background-repeat":"repeat","background-position":"center center","background-size":"auto","background-attachment":"scroll","background-type":"","background-media":"","overlay-type":"","overlay-color":"","overlay-gradient":""},"tablet":{"background-color":"","background-image":"","background-repeat":"repeat","background-position":"center center","background-size":"auto","background-attachment":"scroll","background-type":"","background-media":"","overlay-type":"","overlay-color":"","overlay-gradient":""},"mobile":{"background-color":"","background-image":"","background-repeat":"repeat","background-position":"center center","background-size":"auto","background-attachment":"scroll","background-type":"","background-media":"","overlay-type":"","overlay-color":"","overlay-gradient":""}},"ast-content-background-meta":{"desktop":{"background-color":"var(--ast-global-color-5)","background-image":"","background-repeat":"repeat","background-position":"center center","background-size":"auto","background-attachment":"scroll","background-type":"","background-media":"","overlay-type":"","overlay-color":"","overlay-gradient":""},"tablet":{"background-color":"var(--ast-global-color-5)","background-image":"","background-repeat":"repeat","background-position":"center center","background-size":"auto","background-attachment":"scroll","background-type":"","background-media":"","overlay-type":"","overlay-color":"","overlay-gradient":""},"mobile":{"background-color":"var(--ast-global-color-5)","background-image":"","background-repeat":"repeat","background-position":"center center","background-size":"auto","background-attachment":"scroll","background-type":"","background-media":"","overlay-type":"","overlay-color":"","overlay-gradient":""}},"footnotes":""},"class_list":["post-1226","page","type-page","status-publish","hentry"],"_links":{"self":[{"href":"https:\/\/ditcatechnology.com\/index.php\/wp-json\/wp\/v2\/pages\/1226","targetHints":{"allow":["GET"]}}],"collection":[{"href":"https:\/\/ditcatechnology.com\/index.php\/wp-json\/wp\/v2\/pages"}],"about":[{"href":"https:\/\/ditcatechnology.com\/index.php\/wp-json\/wp\/v2\/types\/page"}],"author":[{"embeddable":true,"href":"https:\/\/ditcatechnology.com\/index.php\/wp-json\/wp\/v2\/users\/1"}],"replies":[{"embeddable":true,"href":"https:\/\/ditcatechnology.com\/index.php\/wp-json\/wp\/v2\/comments?post=1226"}],"version-history":[{"count":11,"href":"https:\/\/ditcatechnology.com\/index.php\/wp-json\/wp\/v2\/pages\/1226\/revisions"}],"predecessor-version":[{"id":1265,"href":"https:\/\/ditcatechnology.com\/index.php\/wp-json\/wp\/v2\/pages\/1226\/revisions\/1265"}],"wp:attachment":[{"href":"https:\/\/ditcatechnology.com\/index.php\/wp-json\/wp\/v2\/media?parent=1226"}],"curies":[{"name":"wp","href":"https:\/\/api.w.org\/{rel}","templated":true}]}}