{"id":871,"date":"2023-03-15T16:45:15","date_gmt":"2023-03-15T20:45:15","guid":{"rendered":"http:\/\/ditcatechnology.com\/?page_id=871"},"modified":"2023-03-15T17:37:13","modified_gmt":"2023-03-15T21:37:13","slug":"bombas-aodd-4-razones-para-elegir-las-bombas-de-diafragma","status":"publish","type":"page","link":"http:\/\/ditcatechnology.com\/index.php\/bombas-aodd-4-razones-para-elegir-las-bombas-de-diafragma\/","title":{"rendered":"Bombas AODD: 4 razones para elegir las bombas de diafragma"},"content":{"rendered":"\t\t<div data-elementor-type=\"wp-page\" data-elementor-id=\"871\" class=\"elementor elementor-871\">\n\t\t\t\t\t\t<section class=\"elementor-section elementor-top-section elementor-element elementor-element-df3cc1a elementor-section-content-middle elementor-section-boxed elementor-section-height-default elementor-section-height-default\" data-id=\"df3cc1a\" data-element_type=\"section\">\n\t\t\t\t\t\t<div class=\"elementor-container elementor-column-gap-no\">\n\t\t\t\t\t<div class=\"elementor-column elementor-col-100 elementor-top-column elementor-element elementor-element-619629f\" data-id=\"619629f\" data-element_type=\"column\">\n\t\t\t<div class=\"elementor-widget-wrap elementor-element-populated\">\n\t\t\t\t\t\t<div class=\"elementor-element elementor-element-d81485f elementor-widget elementor-widget-heading\" data-id=\"d81485f\" data-element_type=\"widget\" data-widget_type=\"heading.default\">\n\t\t\t\t<div class=\"elementor-widget-container\">\n\t\t\t<style>\/*! elementor - v3.19.0 - 07-02-2024 *\/\n.elementor-heading-title{padding:0;margin:0;line-height:1}.elementor-widget-heading .elementor-heading-title[class*=elementor-size-]>a{color:inherit;font-size:inherit;line-height:inherit}.elementor-widget-heading .elementor-heading-title.elementor-size-small{font-size:15px}.elementor-widget-heading .elementor-heading-title.elementor-size-medium{font-size:19px}.elementor-widget-heading .elementor-heading-title.elementor-size-large{font-size:29px}.elementor-widget-heading .elementor-heading-title.elementor-size-xl{font-size:39px}.elementor-widget-heading .elementor-heading-title.elementor-size-xxl{font-size:59px}<\/style><h2 class=\"elementor-heading-title elementor-size-default\">BOMBAS AODD: 4 RAZONES PARA ELEGIR LAS BOMBAS DE DIAFRAGMA<\/h2>\t\t<\/div>\n\t\t\t\t<\/div>\n\t\t\t\t<div class=\"elementor-element elementor-element-c98abc6 elementor-widget elementor-widget-text-editor\" data-id=\"c98abc6\" data-element_type=\"widget\" data-widget_type=\"text-editor.default\">\n\t\t\t\t<div class=\"elementor-widget-container\">\n\t\t\t<style>\/*! elementor - v3.19.0 - 07-02-2024 *\/\n.elementor-widget-text-editor.elementor-drop-cap-view-stacked .elementor-drop-cap{background-color:#69727d;color:#fff}.elementor-widget-text-editor.elementor-drop-cap-view-framed .elementor-drop-cap{color:#69727d;border:3px solid;background-color:transparent}.elementor-widget-text-editor:not(.elementor-drop-cap-view-default) .elementor-drop-cap{margin-top:8px}.elementor-widget-text-editor:not(.elementor-drop-cap-view-default) .elementor-drop-cap-letter{width:1em;height:1em}.elementor-widget-text-editor .elementor-drop-cap{float:left;text-align:center;line-height:1;font-size:50px}.elementor-widget-text-editor .elementor-drop-cap-letter{display:inline-block}<\/style>\t\t\t\t<p><img decoding=\"async\" class=\"wp-image-852 alignleft\" src=\"http:\/\/ditcatechnology.com\/wp-content\/uploads\/2023\/03\/Bomba-de-Diafragma-286x300.jpg\" alt=\"\" width=\"175\" height=\"183\" srcset=\"http:\/\/ditcatechnology.com\/wp-content\/uploads\/2023\/03\/Bomba-de-Diafragma-286x300.jpg 286w, http:\/\/ditcatechnology.com\/wp-content\/uploads\/2023\/03\/Bomba-de-Diafragma.jpg 396w\" sizes=\"(max-width: 175px) 100vw, 175px\" \/><\/p><p>\u00a0<\/p><p>Las bombas\u00a0AODD, bombas de doble diafragma accionadas por aire, aparecieron en el mercado de bombas por primera vez hace unos sesenta a\u00f1os. Gracias a la mejora tecnol\u00f3gica constante, han logrado establecerse como la mejor opci\u00f3n para bombear\u00a0fluidos de alta viscosidad.<br \/><br \/>Hay cuatro razones por las que deber\u00eda preferir una bomba de doble diafragma como nuestras bombas HAOD para su planta. Aqu\u00ed est\u00e1n:<\/p><p>\u00a0<\/p><ol><li><h4><strong>VERSATILIDAD Y VARIEDAD DE APLICACIONES<br \/><\/strong><\/h4><p>Las bombas AODD encuentran aplicaci\u00f3n en una amplia gama de instalaciones, gracias a su versatilidad y a sus caracter\u00edsticas. Por ejemplo: la capacidad de\u00a0<strong>autocebar<\/strong>, la posibilidad de\u00a0<strong>funcionar en seco<\/strong>, el potencial de ser\u00a0<strong>sumergible<\/strong>\u00a0y la posibilidad de bombear fluidos de alta viscosidad. Adem\u00e1s, est\u00e1n disponibles en\u00a0<strong>diferentes materiales<\/strong>\u00a0para superar cualquier problema de compatibilidad de fluidos.<\/p><\/li><li><h4><strong>DISE\u00d1O Y SIMPLICIDAD<br \/><\/strong><\/h4><p>El dise\u00f1o y la facilidad de uso de las bombas AODD son algunas de las razones por las que son tan apreciadas en el mercado de las bombas qu\u00edmicas. De hecho, a menudo se describen como bombas \u00abplug-in-and-play\u00bb o \u00abset-and-forget\u00bb, porque una vez instaladas y conectadas a una aerol\u00ednea comprimida pueden trabajar por s\u00ed mismas con<strong>\u00a0total autonom\u00eda<\/strong>. Se pueden proporcionar en una multiplicidad de dimensiones, satisfaciendo f\u00e1cilmente las necesidades de cada cliente.<\/p><\/li><li><h4><strong>SEGURIDAD Y ECOLOG\u00cdA<br \/><\/strong><\/h4><p>Gracias a su dise\u00f1o cerrado, el uso de aire comprimido como \u00fanica fuente de energ\u00eda y su sistema neum\u00e1tico de prevenci\u00f3n de p\u00e9rdidas, las bombas AODD son uno de los sistemas de\u00a0<strong>bombeo m\u00e1s seguros<\/strong>\u00a0para l\u00edquidos peligrosos, junto con las\u00a0<a href=\"http:\/\/ditcatechnology.com\/index.php\/productos\/bombas\/inyeccion-de-quimicos\/\">bombas de accionamiento magn\u00e9tico<\/a>. Adem\u00e1s, el dise\u00f1o ecol\u00f3gico de las bombas AODD les permite obtener hasta un 60% de ahorro en el consumo de aire. Gracias a este ahorro, su impacto en el medio ambiente disminuye significativamente. Un menor consumo de aire significa, de hecho, la posibilidad de utilizar un compresor de aire m\u00e1s peque\u00f1o, con el consiguiente\u00a0<strong>ahorro de energ\u00eda y dinero<\/strong>.<\/p><\/li><li><h4><strong>AHORRO DE<br \/>DINERO<\/strong><\/h4><p>El ahorro de dinero, especialmente a largo plazo, es una de las razones por las que debe considerar seleccionar una bomba de diafragma. Las mejoras realizadas en la construcci\u00f3n de diafragmas han aumentado dr\u00e1sticamente la vida \u00fatil de las bombas de diafragma. Pueden funcionar correctamente durante a\u00f1os con un\u00a0<strong>mantenimiento muy bajo<\/strong>, especialmente gracias a sus sellos est\u00e1ticos. De hecho, el mantenimiento de estos sellos tiende a ser poco frecuente y econ\u00f3mico.<\/p><\/li><\/ol>\t\t\t\t\t\t<\/div>\n\t\t\t\t<\/div>\n\t\t\t\t\t<\/div>\n\t\t<\/div>\n\t\t\t\t\t<\/div>\n\t\t<\/section>\n\t\t\t\t<\/div>\n\t\t","protected":false},"excerpt":{"rendered":"<p>BOMBAS AODD: 4 RAZONES PARA ELEGIR LAS BOMBAS DE DIAFRAGMA \u00a0 Las bombas\u00a0AODD, bombas de doble diafragma accionadas por aire, aparecieron en el mercado de bombas por primera vez hace unos sesenta a\u00f1os. Gracias a la mejora tecnol\u00f3gica constante, han logrado establecerse como la mejor opci\u00f3n para bombear\u00a0fluidos de alta viscosidad. Hay cuatro razones por [&hellip;]<\/p>\n","protected":false},"author":1,"featured_media":0,"parent":0,"menu_order":0,"comment_status":"closed","ping_status":"closed","template":"","meta":{"site-sidebar-layout":"no-sidebar","site-content-layout":"page-builder","ast-site-content-layout":"","site-content-style":"default","site-sidebar-style":"default","ast-global-header-display":"","ast-banner-title-visibility":"","ast-main-header-display":"","ast-hfb-above-header-display":"","ast-hfb-below-header-display":"","ast-hfb-mobile-header-display":"","site-post-title":"disabled","ast-breadcrumbs-content":"","ast-featured-img":"disabled","footer-sml-layout":"","theme-transparent-header-meta":"","adv-header-id-meta":"","stick-header-meta":"","header-above-stick-meta":"","header-main-stick-meta":"","header-below-stick-meta":"","astra-migrate-meta-layouts":"default","ast-page-background-enabled":"default","ast-page-background-meta":{"desktop":{"background-color":"var(--ast-global-color-4)","background-image":"","background-repeat":"repeat","background-position":"center center","background-size":"auto","background-attachment":"scroll","background-type":"","background-media":"","overlay-type":"","overlay-color":"","overlay-gradient":""},"tablet":{"background-color":"","background-image":"","background-repeat":"repeat","background-position":"center center","background-size":"auto","background-attachment":"scroll","background-type":"","background-media":"","overlay-type":"","overlay-color":"","overlay-gradient":""},"mobile":{"background-color":"","background-image":"","background-repeat":"repeat","background-position":"center center","background-size":"auto","background-attachment":"scroll","background-type":"","background-media":"","overlay-type":"","overlay-color":"","overlay-gradient":""}},"ast-content-background-meta":{"desktop":{"background-color":"var(--ast-global-color-5)","background-image":"","background-repeat":"repeat","background-position":"center center","background-size":"auto","background-attachment":"scroll","background-type":"","background-media":"","overlay-type":"","overlay-color":"","overlay-gradient":""},"tablet":{"background-color":"var(--ast-global-color-5)","background-image":"","background-repeat":"repeat","background-position":"center center","background-size":"auto","background-attachment":"scroll","background-type":"","background-media":"","overlay-type":"","overlay-color":"","overlay-gradient":""},"mobile":{"background-color":"var(--ast-global-color-5)","background-image":"","background-repeat":"repeat","background-position":"center center","background-size":"auto","background-attachment":"scroll","background-type":"","background-media":"","overlay-type":"","overlay-color":"","overlay-gradient":""}},"footnotes":""},"class_list":["post-871","page","type-page","status-publish","hentry"],"_links":{"self":[{"href":"http:\/\/ditcatechnology.com\/index.php\/wp-json\/wp\/v2\/pages\/871","targetHints":{"allow":["GET"]}}],"collection":[{"href":"http:\/\/ditcatechnology.com\/index.php\/wp-json\/wp\/v2\/pages"}],"about":[{"href":"http:\/\/ditcatechnology.com\/index.php\/wp-json\/wp\/v2\/types\/page"}],"author":[{"embeddable":true,"href":"http:\/\/ditcatechnology.com\/index.php\/wp-json\/wp\/v2\/users\/1"}],"replies":[{"embeddable":true,"href":"http:\/\/ditcatechnology.com\/index.php\/wp-json\/wp\/v2\/comments?post=871"}],"version-history":[{"count":7,"href":"http:\/\/ditcatechnology.com\/index.php\/wp-json\/wp\/v2\/pages\/871\/revisions"}],"predecessor-version":[{"id":910,"href":"http:\/\/ditcatechnology.com\/index.php\/wp-json\/wp\/v2\/pages\/871\/revisions\/910"}],"wp:attachment":[{"href":"http:\/\/ditcatechnology.com\/index.php\/wp-json\/wp\/v2\/media?parent=871"}],"curies":[{"name":"wp","href":"https:\/\/api.w.org\/{rel}","templated":true}]}}