{"id":868,"date":"2023-03-15T16:43:28","date_gmt":"2023-03-15T20:43:28","guid":{"rendered":"http:\/\/ditcatechnology.com\/?page_id=868"},"modified":"2023-03-17T15:53:40","modified_gmt":"2023-03-17T19:53:40","slug":"cinco-cosas-que-debes-saber-sobre-las-bombas-atex","status":"publish","type":"page","link":"http:\/\/ditcatechnology.com\/index.php\/cinco-cosas-que-debes-saber-sobre-las-bombas-atex\/","title":{"rendered":"Cinco cosas que debes saber sobre las bombas atex"},"content":{"rendered":"\t\t<div data-elementor-type=\"wp-page\" data-elementor-id=\"868\" class=\"elementor elementor-868\">\n\t\t\t\t\t\t<section class=\"elementor-section elementor-top-section elementor-element elementor-element-439300d elementor-section-boxed elementor-section-height-default elementor-section-height-default\" data-id=\"439300d\" data-element_type=\"section\">\n\t\t\t\t\t\t<div class=\"elementor-container elementor-column-gap-default\">\n\t\t\t\t\t<div class=\"elementor-column elementor-col-100 elementor-top-column elementor-element elementor-element-0da9ade\" data-id=\"0da9ade\" data-element_type=\"column\">\n\t\t\t<div class=\"elementor-widget-wrap elementor-element-populated\">\n\t\t\t\t\t\t<div class=\"elementor-element elementor-element-7347b5e elementor-widget elementor-widget-heading\" data-id=\"7347b5e\" data-element_type=\"widget\" data-widget_type=\"heading.default\">\n\t\t\t\t<div class=\"elementor-widget-container\">\n\t\t\t<style>\/*! elementor - v3.19.0 - 07-02-2024 *\/\n.elementor-heading-title{padding:0;margin:0;line-height:1}.elementor-widget-heading .elementor-heading-title[class*=elementor-size-]>a{color:inherit;font-size:inherit;line-height:inherit}.elementor-widget-heading .elementor-heading-title.elementor-size-small{font-size:15px}.elementor-widget-heading .elementor-heading-title.elementor-size-medium{font-size:19px}.elementor-widget-heading .elementor-heading-title.elementor-size-large{font-size:29px}.elementor-widget-heading .elementor-heading-title.elementor-size-xl{font-size:39px}.elementor-widget-heading .elementor-heading-title.elementor-size-xxl{font-size:59px}<\/style><h2 class=\"elementor-heading-title elementor-size-default\">CINCO COSAS QUE DEBES SABER SOBRE LAS BOMBAS ATEX<\/h2>\t\t<\/div>\n\t\t\t\t<\/div>\n\t\t\t\t\t<\/div>\n\t\t<\/div>\n\t\t\t\t\t<\/div>\n\t\t<\/section>\n\t\t\t\t<section class=\"elementor-section elementor-top-section elementor-element elementor-element-08a5cb3 elementor-section-height-min-height elementor-section-boxed elementor-section-height-default elementor-section-items-middle\" data-id=\"08a5cb3\" data-element_type=\"section\" data-settings=\"{&quot;background_background&quot;:&quot;classic&quot;}\">\n\t\t\t\t\t\t<div class=\"elementor-container elementor-column-gap-narrow\">\n\t\t\t\t\t<div class=\"elementor-column elementor-col-100 elementor-top-column elementor-element elementor-element-02f834e\" data-id=\"02f834e\" data-element_type=\"column\">\n\t\t\t<div class=\"elementor-widget-wrap\">\n\t\t\t\t\t\t\t<\/div>\n\t\t<\/div>\n\t\t\t\t\t<\/div>\n\t\t<\/section>\n\t\t\t\t<section class=\"elementor-section elementor-top-section elementor-element elementor-element-6e8c232 elementor-section-boxed elementor-section-height-default elementor-section-height-default\" data-id=\"6e8c232\" data-element_type=\"section\">\n\t\t\t\t\t\t<div class=\"elementor-container elementor-column-gap-default\">\n\t\t\t\t\t<div class=\"elementor-column elementor-col-100 elementor-top-column elementor-element elementor-element-64d105f\" data-id=\"64d105f\" data-element_type=\"column\">\n\t\t\t<div class=\"elementor-widget-wrap elementor-element-populated\">\n\t\t\t\t\t\t<div class=\"elementor-element elementor-element-f435afc elementor-widget elementor-widget-text-editor\" data-id=\"f435afc\" data-element_type=\"widget\" data-widget_type=\"text-editor.default\">\n\t\t\t\t<div class=\"elementor-widget-container\">\n\t\t\t<style>\/*! elementor - v3.19.0 - 07-02-2024 *\/\n.elementor-widget-text-editor.elementor-drop-cap-view-stacked .elementor-drop-cap{background-color:#69727d;color:#fff}.elementor-widget-text-editor.elementor-drop-cap-view-framed .elementor-drop-cap{color:#69727d;border:3px solid;background-color:transparent}.elementor-widget-text-editor:not(.elementor-drop-cap-view-default) .elementor-drop-cap{margin-top:8px}.elementor-widget-text-editor:not(.elementor-drop-cap-view-default) .elementor-drop-cap-letter{width:1em;height:1em}.elementor-widget-text-editor .elementor-drop-cap{float:left;text-align:center;line-height:1;font-size:50px}.elementor-widget-text-editor .elementor-drop-cap-letter{display:inline-block}<\/style>\t\t\t\t<p>Cuando se opera en una atm\u00f3sfera potencialmente explosiva, es necesario utilizar una bomba adecuada dise\u00f1ada y fabricada de acuerdo con la\u00a0<a title=\"Atex directive 94\/9\/CE\" href=\"http:\/\/eur-lex.europa.eu\/legal-content\/EN\/TXT\/?uri=CELEX:32014L0034\" target=\"_blank\" rel=\"noopener\"><strong>directiva ATEX 2014\/34 \/ UE<\/strong><\/a>. Aqu\u00ed hay cinco cosas principales que debe saber cuando se trata de\u00a0<strong>bombas Atex<\/strong>:<\/p><ul><li>Las bombas para uso en atm\u00f3sferas potencialmente explosivas se clasificar\u00e1n normalmente en el Grupo II, categor\u00edas 2 y 3. Es\u00a0<strong>responsabilidad del usuario final clasificar la zona<\/strong>\u00a0y el grupo correspondiente (polvo o gas) de acuerdo con la CE \u2013 Directiva 1992\/92\/CE. Una vez que el fabricante de la bomba conoce la clasificaci\u00f3n Atex que necesita el cliente, es posible seleccionar la\u00a0soluci\u00f3n de bomba adecuada.<\/li><\/ul><ul><li>Las bombas Atex tienen un\u00a0<strong>dise\u00f1o especial<\/strong>\u00a0que\u00a0<strong>evita la formaci\u00f3n de chispas y la ignici\u00f3n de atm\u00f3sferas explosivas<\/strong>\u00a0que pueden ser producidas o liberadas por el equipo. Deben montarse en motores a prueba de explosiones con las mismas medidas de seguridad.<\/li><\/ul><ul><li><strong>Las bombas Atex para<\/strong>\u00a0la\u00a0<strong>zona 1<\/strong>, donde es probable que se produzcan atm\u00f3sferas explosivas causadas por gases, vapores, nieblas o mezclas de aire y polvo, deber\u00e1n estar\u00a0<strong>equipadas con dispositivos de seguridad como la protecci\u00f3n contra el funcionamiento en seco y la termosonda PT 100<\/strong>. La\u00a0protecci\u00f3n\u00a0de funcionamiento en seco comprueba constantemente la potencia activa del motor, que es el valor medio de la potencia instant\u00e1nea absorbida por la bomba, y evita el funcionamiento en seco de la bomba, la descarga cerrada y la succi\u00f3n bloqueada. PT100, en cambio, es un detector de temperatura de resistencia utilizado que se utiliza para monitorear la temperatura de funcionamiento de la bomba.<\/li><\/ul><ul><li>Las bombas Atex necesitan una\u00a0<strong>certificaci\u00f3n expedida por el fabricante<\/strong>\u00a0<strong>y deben estar marcadas<\/strong> con la siguiente informaci\u00f3n:<figure id=\"attachment_280\" aria-describedby=\"caption-attachment-280\" style=\"width: 150px\" class=\"wp-caption alignright\"><img decoding=\"async\" class=\"wp-image-280 size-thumbnail\" style=\"font-style: inherit; font-weight: bold;\" title=\"Atex mark\" src=\"https:\/\/www.gemmecotti.com\/wp-content\/webp-express\/webp-images\/uploads\/2023\/02\/atex-mark-150x150-1.jpg.webp\" alt=\"Marca Atex\" width=\"150\" height=\"150\" aria-describedby=\"caption-attachment-280\" \/><figcaption id=\"caption-attachment-280\" class=\"wp-caption-text\">Marca Atex<\/figcaption><\/figure><ul><li>Nombre y direcci\u00f3n del fabricante<\/li><li>Marcado CE<\/li><li>Tipo de serie, a\u00f1o de construcci\u00f3n y n\u00famero de serie<\/li><li>el marcado espec\u00edfico de protecci\u00f3n contra explosiones seguido del s\u00edmbolo del grupo y categor\u00eda de equipos<\/li><li>La Comisi\u00f3n Europea emiti\u00f3 una\u00a0<a title=\"Atex guideline\" href=\"http:\/\/ec.europa.eu\/growth\/sectors\/mechanical-engineering\/atex_it\" target=\"_blank\" rel=\"noopener\">directriz<\/a> para facilitar la aplicaci\u00f3n de la directiva Atex 2014\/34 \/ UE que podr\u00eda ser \u00fatil para el primer enfoque de los productos Atex.<\/li><\/ul><\/li><\/ul>\t\t\t\t\t\t<\/div>\n\t\t\t\t<\/div>\n\t\t\t\t\t<\/div>\n\t\t<\/div>\n\t\t\t\t\t<\/div>\n\t\t<\/section>\n\t\t\t\t<\/div>\n\t\t","protected":false},"excerpt":{"rendered":"<p>CINCO COSAS QUE DEBES SABER SOBRE LAS BOMBAS ATEX Cuando se opera en una atm\u00f3sfera potencialmente explosiva, es necesario utilizar una bomba adecuada dise\u00f1ada y fabricada de acuerdo con la\u00a0directiva ATEX 2014\/34 \/ UE. Aqu\u00ed hay cinco cosas principales que debe saber cuando se trata de\u00a0bombas Atex: Las bombas para uso en atm\u00f3sferas potencialmente explosivas [&hellip;]<\/p>\n","protected":false},"author":1,"featured_media":0,"parent":0,"menu_order":0,"comment_status":"closed","ping_status":"closed","template":"","meta":{"site-sidebar-layout":"no-sidebar","site-content-layout":"page-builder","ast-site-content-layout":"","site-content-style":"default","site-sidebar-style":"default","ast-global-header-display":"","ast-banner-title-visibility":"","ast-main-header-display":"","ast-hfb-above-header-display":"","ast-hfb-below-header-display":"","ast-hfb-mobile-header-display":"","site-post-title":"disabled","ast-breadcrumbs-content":"","ast-featured-img":"disabled","footer-sml-layout":"","theme-transparent-header-meta":"","adv-header-id-meta":"","stick-header-meta":"","header-above-stick-meta":"","header-main-stick-meta":"","header-below-stick-meta":"","astra-migrate-meta-layouts":"default","ast-page-background-enabled":"default","ast-page-background-meta":{"desktop":{"background-color":"var(--ast-global-color-4)","background-image":"","background-repeat":"repeat","background-position":"center center","background-size":"auto","background-attachment":"scroll","background-type":"","background-media":"","overlay-type":"","overlay-color":"","overlay-gradient":""},"tablet":{"background-color":"","background-image":"","background-repeat":"repeat","background-position":"center center","background-size":"auto","background-attachment":"scroll","background-type":"","background-media":"","overlay-type":"","overlay-color":"","overlay-gradient":""},"mobile":{"background-color":"","background-image":"","background-repeat":"repeat","background-position":"center center","background-size":"auto","background-attachment":"scroll","background-type":"","background-media":"","overlay-type":"","overlay-color":"","overlay-gradient":""}},"ast-content-background-meta":{"desktop":{"background-color":"var(--ast-global-color-5)","background-image":"","background-repeat":"repeat","background-position":"center center","background-size":"auto","background-attachment":"scroll","background-type":"","background-media":"","overlay-type":"","overlay-color":"","overlay-gradient":""},"tablet":{"background-color":"var(--ast-global-color-5)","background-image":"","background-repeat":"repeat","background-position":"center center","background-size":"auto","background-attachment":"scroll","background-type":"","background-media":"","overlay-type":"","overlay-color":"","overlay-gradient":""},"mobile":{"background-color":"var(--ast-global-color-5)","background-image":"","background-repeat":"repeat","background-position":"center center","background-size":"auto","background-attachment":"scroll","background-type":"","background-media":"","overlay-type":"","overlay-color":"","overlay-gradient":""}},"footnotes":""},"class_list":["post-868","page","type-page","status-publish","hentry"],"_links":{"self":[{"href":"http:\/\/ditcatechnology.com\/index.php\/wp-json\/wp\/v2\/pages\/868","targetHints":{"allow":["GET"]}}],"collection":[{"href":"http:\/\/ditcatechnology.com\/index.php\/wp-json\/wp\/v2\/pages"}],"about":[{"href":"http:\/\/ditcatechnology.com\/index.php\/wp-json\/wp\/v2\/types\/page"}],"author":[{"embeddable":true,"href":"http:\/\/ditcatechnology.com\/index.php\/wp-json\/wp\/v2\/users\/1"}],"replies":[{"embeddable":true,"href":"http:\/\/ditcatechnology.com\/index.php\/wp-json\/wp\/v2\/comments?post=868"}],"version-history":[{"count":43,"href":"http:\/\/ditcatechnology.com\/index.php\/wp-json\/wp\/v2\/pages\/868\/revisions"}],"predecessor-version":[{"id":1017,"href":"http:\/\/ditcatechnology.com\/index.php\/wp-json\/wp\/v2\/pages\/868\/revisions\/1017"}],"wp:attachment":[{"href":"http:\/\/ditcatechnology.com\/index.php\/wp-json\/wp\/v2\/media?parent=868"}],"curies":[{"name":"wp","href":"https:\/\/api.w.org\/{rel}","templated":true}]}}