{"id":859,"date":"2023-03-15T16:36:29","date_gmt":"2023-03-15T20:36:29","guid":{"rendered":"http:\/\/ditcatechnology.com\/?page_id=859"},"modified":"2023-03-17T15:40:34","modified_gmt":"2023-03-17T19:40:34","slug":"instalacion-de-bombas-quimicas","status":"publish","type":"page","link":"http:\/\/ditcatechnology.com\/index.php\/instalacion-de-bombas-quimicas\/","title":{"rendered":"Instalaci\u00f3n de Bombas Qu\u00edmicas"},"content":{"rendered":"\t\t<div data-elementor-type=\"wp-page\" data-elementor-id=\"859\" class=\"elementor elementor-859\">\n\t\t\t\t\t\t<section class=\"elementor-section elementor-top-section elementor-element elementor-element-d19cb2f elementor-section-boxed elementor-section-height-default elementor-section-height-default\" data-id=\"d19cb2f\" data-element_type=\"section\">\n\t\t\t\t\t\t<div class=\"elementor-container elementor-column-gap-default\">\n\t\t\t\t\t<div class=\"elementor-column elementor-col-100 elementor-top-column elementor-element elementor-element-28acc83\" data-id=\"28acc83\" data-element_type=\"column\">\n\t\t\t<div class=\"elementor-widget-wrap elementor-element-populated\">\n\t\t\t\t\t\t<div class=\"elementor-element elementor-element-5d73c9b elementor-widget elementor-widget-heading\" data-id=\"5d73c9b\" data-element_type=\"widget\" data-widget_type=\"heading.default\">\n\t\t\t\t<div class=\"elementor-widget-container\">\n\t\t\t<style>\/*! elementor - v3.19.0 - 07-02-2024 *\/\n.elementor-heading-title{padding:0;margin:0;line-height:1}.elementor-widget-heading .elementor-heading-title[class*=elementor-size-]>a{color:inherit;font-size:inherit;line-height:inherit}.elementor-widget-heading .elementor-heading-title.elementor-size-small{font-size:15px}.elementor-widget-heading .elementor-heading-title.elementor-size-medium{font-size:19px}.elementor-widget-heading .elementor-heading-title.elementor-size-large{font-size:29px}.elementor-widget-heading .elementor-heading-title.elementor-size-xl{font-size:39px}.elementor-widget-heading .elementor-heading-title.elementor-size-xxl{font-size:59px}<\/style><h2 class=\"elementor-heading-title elementor-size-default\">INSTALACI\u00d3N DE BOMBAS QU\u00cdMICAS EN PLANTAS DEPURADORAS<\/h2>\t\t<\/div>\n\t\t\t\t<\/div>\n\t\t\t\t\t<\/div>\n\t\t<\/div>\n\t\t\t\t\t<\/div>\n\t\t<\/section>\n\t\t\t\t<section class=\"elementor-section elementor-top-section elementor-element elementor-element-49c961f elementor-section-boxed elementor-section-height-default elementor-section-height-default\" data-id=\"49c961f\" data-element_type=\"section\">\n\t\t\t\t\t\t<div class=\"elementor-container elementor-column-gap-default\">\n\t\t\t\t\t<div class=\"elementor-column elementor-col-100 elementor-top-column elementor-element elementor-element-b8e12d5\" data-id=\"b8e12d5\" data-element_type=\"column\">\n\t\t\t<div class=\"elementor-widget-wrap elementor-element-populated\">\n\t\t\t\t\t\t<div class=\"elementor-element elementor-element-04d09b5 elementor-widget elementor-widget-text-editor\" data-id=\"04d09b5\" data-element_type=\"widget\" data-widget_type=\"text-editor.default\">\n\t\t\t\t<div class=\"elementor-widget-container\">\n\t\t\t<style>\/*! elementor - v3.19.0 - 07-02-2024 *\/\n.elementor-widget-text-editor.elementor-drop-cap-view-stacked .elementor-drop-cap{background-color:#69727d;color:#fff}.elementor-widget-text-editor.elementor-drop-cap-view-framed .elementor-drop-cap{color:#69727d;border:3px solid;background-color:transparent}.elementor-widget-text-editor:not(.elementor-drop-cap-view-default) .elementor-drop-cap{margin-top:8px}.elementor-widget-text-editor:not(.elementor-drop-cap-view-default) .elementor-drop-cap-letter{width:1em;height:1em}.elementor-widget-text-editor .elementor-drop-cap{float:left;text-align:center;line-height:1;font-size:50px}.elementor-widget-text-editor .elementor-drop-cap-letter{display:inline-block}<\/style>\t\t\t\t<p>\u00a0 \u00a0La emisi\u00f3n de gases a la atm\u00f3sfera est\u00e1 regulada por leyes nacionales e internacionales espec\u00edficas que deben ser respetadas por todas las industrias. El t\u00e9rmino \u00abtratamiento del aire<strong>\u00ab<\/strong>\u00a0se refiere a los sistemas y t\u00e9cnicas utilizados por las industrias\u00a0<strong>para mantener la calidad del aire y el nivel de contaminaci\u00f3n bajo control.<\/strong><\/p><p><strong>\u00a0 \u00a0Los depuradores<\/strong>\u00a0son los sistemas m\u00e1s f\u00e1ciles y eficientes para\u00a0<strong>purificar el aire mediante la eliminaci\u00f3n de part\u00edculas y \/ o gases.<\/strong><\/p><p>\u00a0 \u00a0Hay varios tipos de depuradores que se utilizan en diferentes sectores industriales.<\/p><h5><b>FLUIDOS GENERALMENTE INVOLUCRADOS EN ESTA APLICACI\u00d3N:<\/b><\/h5><p>Los depuradores generalmente se usan para:<\/p><ul><li><p><strong>Lavar los humos<\/strong>\u00a0(por ejemplo, emitidos por calderas u hornos) con soda u otros l\u00edquidos, para eliminar el sulfuro de hidr\u00f3geno, el \u00e1cido clorh\u00eddrico, los hidrocarburos y el di\u00f3xido de azufre.<\/p><\/li><li><p><strong>depurar<\/strong>\u00a0gases (por ejemplo, lavar gases sint\u00e9ticos con monoetanolamina para eliminar el CO2).<\/p><\/li><\/ul><p>Los depuradores son generalmente utilizados por:<\/p><ul><li><p>Industrias petroqu\u00edmicas<\/p><\/li><li><p>Industrias qu\u00edmica y farmac\u00e9utica<\/p><\/li><li><p>Industrias galv\u00e1nicas<\/p><\/li><li><p>Industrias del embalaje<\/p><\/li><li><p>Industrias alimentarias<\/p><\/li><li><p>Industrias de celulosa<\/p><\/li><\/ul><h6><strong>BOMBAS INDUSTRIALES INSTALADAS EN SISTEMAS DE TRATAMIENTO DE AIRE Y DEPURACI\u00d3N DE HUMOS<\/strong><\/h6><p><a href=\"https:\/\/www.gemmecotti.com\/wp-content\/uploads\/2023\/02\/scrubber.jpg\" target=\"_blank\" rel=\"noopener\"><img fetchpriority=\"high\" decoding=\"async\" class=\"wp-image-13000 size-medium alignright\" src=\"https:\/\/www.gemmecotti.com\/wp-content\/uploads\/2023\/02\/scrubber-193x300-1.jpg\" alt=\"Depurador\" width=\"193\" height=\"300\" \/><\/a><\/p><p>El aire contaminado se dirige dentro de una c\u00e1mara donde entra en contacto con el l\u00edquido de lavado que transfiere los contaminantes del aire al agua. El aire purificado se libera a la atm\u00f3sfera mientras que las part\u00edculas contaminantes se convierten en una parte integral del l\u00edquido de lavado, que luego se recoge en un tanque.<\/p><p>Durante este proceso, el aire contaminado va de abajo hacia arriba, mientras que el l\u00edquido de lavado es empujado hacia arriba mediante el uso de bombas centr\u00edfugas y luego va de arriba a abajo a trav\u00e9s del depurador. El l\u00edquido de lavado recogido en el tanque se recircula por medio de bombas centr\u00edfugas horizontales instaladas en el suelo o a trav\u00e9s de bombas verticales instaladas directamente dentro del tanque. La bomba contin\u00faa recirculando el mismo l\u00edquido que, despu\u00e9s de la transferencia a trav\u00e9s del depurador, regresa al tanque.<\/p><p>\u00a0<\/p><p>\u00a0<\/p><p>\u00a0<\/p><h5><strong>REQUISITOS ESPEC\u00cdFICOS PARA ESTA APLICACI\u00d3N: \u00bfCU\u00c1LES SON LAS MEJORES BOMBAS PARA SISTEMAS DE TRATAMIENTO DE AIRE Y DEPURACI\u00d3N DE HUMOS?<\/strong><\/h5><p><strong>Los aditivos<\/strong>\u00a0dentro del l\u00edquido de lavado son a menudo\u00a0<strong>agentes qu\u00edmicos peligrosos<\/strong>. Por esta raz\u00f3n es necesario utilizar\u00a0<strong>bombas anticorrosi\u00f3n.<\/strong><\/p><p>La\u00a0<strong>bomba<\/strong>\u00a0utilizada en este proceso puede\u00a0<strong>instalarse junto al tanque o sumergirse verticalmente en \u00e9l.<\/strong><\/p><p>En ambos casos, GemmeCotti ofrece soluciones adecuadas:<\/p><p><strong>Bombas centr\u00edfugas horizontales:<\/strong><br \/>\u2013 serie\u00a0<strong>HTM PP\/PVDF<\/strong>\u00a0(accionamiento magn\u00e9tico) \u2013 serie<strong>\u00a0HCO<\/strong>\u00a0(sellado mec\u00e1nico)<\/p><p>son la mejor soluci\u00f3n para la\u00a0<strong>instalaci\u00f3n junto al tanque.<\/strong><\/p><p><strong>Bombas centr\u00edfugas verticales:<\/strong><br \/>\u2013 serie\u00a0<strong>HV<\/strong>\u00a0(monobloque) \u2013 serie\u00a0<strong>HVL<\/strong>\u00a0(con soporte)<\/p><p>son la soluci\u00f3n ideal para la instalaci\u00f3n con la\u00a0<strong>bomba sumergida en el tanque.<\/strong><\/p><p>Todas estas bombas centr\u00edfugas est\u00e1n fabricadas con\u00a0<strong>materiales termopl\u00e1sticos PP o PVDF,<\/strong>\u00a0que aseguran una gran resistencia qu\u00edmica a los agentes qu\u00edmicos utilizados en esta aplicaci\u00f3n.<\/p><p>\u00a0<\/p><h5>BOMBAS CENTR\u00cdFUGAS GEMMECOTTI PARA EL TRATAMIENTO DEL AIRE<\/h5><h6>BOMBAS CENTR\u00cdFUGAS HORIZONTALES MAGN\u00c9TICAS SERIE HTM PP\/PVDF<\/h6><p><strong>Las bombas de accionamiento magn\u00e9tico<\/strong>\u00a0<strong>HTM PP\/PVDF<\/strong>\u00a0tienen un\u00a0<strong>dise\u00f1o sin sellado<\/strong>\u00a0que es particularmente adecuado para bombear l\u00edquidos corrosivos y peligrosos; El dise\u00f1o magn\u00e9tico junto con el uso de materiales termopl\u00e1sticos anticorrosivos, garantiza la\u00a0<strong>alta resistencia qu\u00edmica<\/strong>\u00a0y la\u00a0<strong>ausencia de fugas y emisiones<\/strong>.<\/p><p><img decoding=\"async\" class=\"wp-image-13002 alignright\" src=\"https:\/\/www.gemmecotti.com\/wp-content\/uploads\/2023\/02\/htm-10-pp-300x219-1.jpg\" alt=\"Depuradores GemmeCotti HTM\" width=\"204\" height=\"149\" \/><\/p><p><strong>Datos t\u00e9cnicos:<\/strong><\/p><p>\u2013 Capacidad hasta 130 m3\/h<\/p><p>\u2013 Cabeza hasta 48 mlc<\/p><p><a href=\"http:\/\/ditcatechnology.com\/index.php\/productos\/bombas\/inyeccion-de-quimicos\/\" target=\"_blank\" rel=\"noopener\"><strong>Descubre m\u00e1s<\/strong><\/a><\/p><h6>BOMBAS CENTR\u00cdFUGAS HORIZONTALES DE SELLO MEC\u00c1NICO SERIE HCO<\/h6><p><strong>Las bombas centr\u00edfugas de sello mec\u00e1nico HCO<\/strong>\u00a0son la mejor soluci\u00f3n cuando el l\u00edquido tiene s\u00f3lidos\u00a0<strong>en suspensi\u00f3n<\/strong>: su dise\u00f1o con impulsor abierto permite transferir l\u00edquidos sucios (s\u00f3lidos no abrasivos \u2013 m\u00e1x. 5% \u2013 dimensi\u00f3n m\u00e1x. 3 mm).<\/p><p><strong>Datos t\u00e9cnicos:<a href=\"https:\/\/www.gemmecotti.com\/wp-content\/uploads\/2023\/02\/hco.jpg\" target=\"_blank\" rel=\"noopener\"><img decoding=\"async\" class=\"wp-image-13004 alignright\" src=\"https:\/\/www.gemmecotti.com\/wp-content\/uploads\/2023\/02\/hco-300x197-1.jpg\" alt=\"Depuradoras GemmeCotti HCO\" width=\"228\" height=\"150\" \/><\/a><\/strong><\/p><p>\u2013 Capacidad hasta 60 m3\/h<br \/>\u2013 Cabezal hasta 38 mlc<\/p><p><a href=\"http:\/\/ditcatechnology.com\/index.php\/productos\/bombas\/inyeccion-de-quimicos\/\" target=\"_blank\" rel=\"noopener\"><strong>Descubre m\u00e1s<\/strong><\/a><\/p><p>\u00a0<\/p><h5>BOMBAS CENTR\u00cdFUGAS VERTICALES<\/h5><p><strong>Las bombas centr\u00edfugas verticales<\/strong>\u00a0son adecuadas para instalaciones con la\u00a0<strong>bomba sumergida directamente en el tanque.<\/strong><\/p><h6>BOMBAS CENTR\u00cdFUGAS VERTICALES MONOBLOQUE SERIE HV<a href=\"https:\/\/www.gemmecotti.com\/wp-content\/uploads\/2023\/02\/hv.jpg\" target=\"_blank\" rel=\"noopener\"><img loading=\"lazy\" decoding=\"async\" class=\"wp-image-13006 alignright\" src=\"https:\/\/www.gemmecotti.com\/wp-content\/uploads\/2023\/02\/hv-120x300-1.jpg\" alt=\"Depuradoras GemmeCotti HV\" width=\"87\" height=\"218\" \/><\/a><\/h6><p>Las bombas de la serie\u00a0<strong>HV<\/strong>\u00a0est\u00e1n disponibles con diferentes\u00a0<strong>longitudes de columna de 500 mm a 1000 mm.<\/strong><\/p><p><strong>Datos t\u00e9cnicos:<\/strong><\/p><p>\u2013 Capacidad hasta 40m3\/h<br \/>\u2013 Cabezal hasta 22 mlc<\/p><p><a href=\"http:\/\/ditcatechnology.com\/index.php\/productos\/bombas\/inyeccion-de-quimicos\/\" target=\"_blank\" rel=\"noopener\"><strong>Descubre m\u00e1s<\/strong><\/a><\/p><h6>BOMBAS CENTR\u00cdFUGAS VERTICALES CON SOPORTE SERIE HVL<\/h6><p>La serie de bombas\u00a0<strong>HVL<\/strong>\u00a0est\u00e1 disponible con diferentes\u00a0<strong>longitudes de columna de 500 mm a 2000 mm.<\/strong><\/p><p><strong><a href=\"https:\/\/www.gemmecotti.com\/wp-content\/uploads\/2023\/02\/hvl.jpg\" target=\"_blank\" rel=\"noopener\"><img loading=\"lazy\" decoding=\"async\" class=\"size-medium wp-image-13008 alignright\" src=\"https:\/\/www.gemmecotti.com\/wp-content\/uploads\/2023\/02\/hvl-140x300-1.jpg\" alt=\"GemmeC\" width=\"140\" height=\"300\" \/><\/a><\/strong><\/p><p><strong>Datos t\u00e9cnicos:<\/strong><\/p><p>\u00a0<\/p><p>\u2013 Capacidad hasta 57m3\/h<br \/>\u2013 Cabezal hasta 39 mlc<\/p><p><a href=\"http:\/\/ditcatechnology.com\/index.php\/productos\/bombas\/inyeccion-de-quimicos\/\" target=\"_blank\" rel=\"noopener\"><strong>Descubre m\u00e1s<\/strong><\/a><\/p><p>\u00a0<\/p><p>\u00a0<\/p><p>\u00a0<\/p><p style=\"text-align: center;\"><strong>P\u00f3ngase en contacto con nosotros, encontraremos juntos una soluci\u00f3n interesante para su aplicaci\u00f3n: ventas@ditcatechnology.com<\/strong><\/p><p>\u00a0<\/p>\t\t\t\t\t\t<\/div>\n\t\t\t\t<\/div>\n\t\t\t\t\t<\/div>\n\t\t<\/div>\n\t\t\t\t\t<\/div>\n\t\t<\/section>\n\t\t\t\t<\/div>\n\t\t","protected":false},"excerpt":{"rendered":"<p>INSTALACI\u00d3N DE BOMBAS QU\u00cdMICAS EN PLANTAS DEPURADORAS \u00a0 \u00a0La emisi\u00f3n de gases a la atm\u00f3sfera est\u00e1 regulada por leyes nacionales e internacionales espec\u00edficas que deben ser respetadas por todas las industrias. El t\u00e9rmino \u00abtratamiento del aire\u00ab\u00a0se refiere a los sistemas y t\u00e9cnicas utilizados por las industrias\u00a0para mantener la calidad del aire y el nivel de [&hellip;]<\/p>\n","protected":false},"author":1,"featured_media":0,"parent":0,"menu_order":0,"comment_status":"closed","ping_status":"closed","template":"","meta":{"site-sidebar-layout":"no-sidebar","site-content-layout":"page-builder","ast-site-content-layout":"","site-content-style":"default","site-sidebar-style":"default","ast-global-header-display":"","ast-banner-title-visibility":"","ast-main-header-display":"","ast-hfb-above-header-display":"","ast-hfb-below-header-display":"","ast-hfb-mobile-header-display":"","site-post-title":"disabled","ast-breadcrumbs-content":"","ast-featured-img":"disabled","footer-sml-layout":"","theme-transparent-header-meta":"","adv-header-id-meta":"","stick-header-meta":"","header-above-stick-meta":"","header-main-stick-meta":"","header-below-stick-meta":"","astra-migrate-meta-layouts":"default","ast-page-background-enabled":"default","ast-page-background-meta":{"desktop":{"background-color":"var(--ast-global-color-4)","background-image":"","background-repeat":"repeat","background-position":"center center","background-size":"auto","background-attachment":"scroll","background-type":"","background-media":"","overlay-type":"","overlay-color":"","overlay-gradient":""},"tablet":{"background-color":"","background-image":"","background-repeat":"repeat","background-position":"center center","background-size":"auto","background-attachment":"scroll","background-type":"","background-media":"","overlay-type":"","overlay-color":"","overlay-gradient":""},"mobile":{"background-color":"","background-image":"","background-repeat":"repeat","background-position":"center center","background-size":"auto","background-attachment":"scroll","background-type":"","background-media":"","overlay-type":"","overlay-color":"","overlay-gradient":""}},"ast-content-background-meta":{"desktop":{"background-color":"var(--ast-global-color-5)","background-image":"","background-repeat":"repeat","background-position":"center center","background-size":"auto","background-attachment":"scroll","background-type":"","background-media":"","overlay-type":"","overlay-color":"","overlay-gradient":""},"tablet":{"background-color":"var(--ast-global-color-5)","background-image":"","background-repeat":"repeat","background-position":"center center","background-size":"auto","background-attachment":"scroll","background-type":"","background-media":"","overlay-type":"","overlay-color":"","overlay-gradient":""},"mobile":{"background-color":"var(--ast-global-color-5)","background-image":"","background-repeat":"repeat","background-position":"center center","background-size":"auto","background-attachment":"scroll","background-type":"","background-media":"","overlay-type":"","overlay-color":"","overlay-gradient":""}},"footnotes":""},"class_list":["post-859","page","type-page","status-publish","hentry"],"_links":{"self":[{"href":"http:\/\/ditcatechnology.com\/index.php\/wp-json\/wp\/v2\/pages\/859","targetHints":{"allow":["GET"]}}],"collection":[{"href":"http:\/\/ditcatechnology.com\/index.php\/wp-json\/wp\/v2\/pages"}],"about":[{"href":"http:\/\/ditcatechnology.com\/index.php\/wp-json\/wp\/v2\/types\/page"}],"author":[{"embeddable":true,"href":"http:\/\/ditcatechnology.com\/index.php\/wp-json\/wp\/v2\/users\/1"}],"replies":[{"embeddable":true,"href":"http:\/\/ditcatechnology.com\/index.php\/wp-json\/wp\/v2\/comments?post=859"}],"version-history":[{"count":16,"href":"http:\/\/ditcatechnology.com\/index.php\/wp-json\/wp\/v2\/pages\/859\/revisions"}],"predecessor-version":[{"id":1010,"href":"http:\/\/ditcatechnology.com\/index.php\/wp-json\/wp\/v2\/pages\/859\/revisions\/1010"}],"wp:attachment":[{"href":"http:\/\/ditcatechnology.com\/index.php\/wp-json\/wp\/v2\/media?parent=859"}],"curies":[{"name":"wp","href":"https:\/\/api.w.org\/{rel}","templated":true}]}}